{"id":18131,"date":"2024-08-16T05:59:23","date_gmt":"2024-08-16T05:59:23","guid":{"rendered":"https:\/\/revolclutch.com\/product\/er3433\/"},"modified":"2024-08-16T05:59:23","modified_gmt":"2024-08-16T05:59:23","slug":"er3433","status":"publish","type":"product","link":"https:\/\/revolclutch.com\/tr\/product\/er3433\/","title":{"rendered":"ER3433"},"content":{"rendered":"<p><strong>T\u00fcp:  \u00d8: <\/strong> \u00d830 <\/p>\n<p><strong>Konik:  \u00d8S\/\u00d8B (mm): <\/strong> 23,5\/26 <\/p>\n<p><strong>Uzunluk:  (mm): <\/strong> 150mm <\/p>\n","protected":false},"excerpt":{"rendered":"<p>\u00d8: \u00d830 \u00d8S\/\u00d8B (mm): 23,5\/26 (mm): 150mm<\/p>\n","protected":false},"featured_media":14081,"comment_status":"closed","ping_status":"open","template":"","meta":{"_acf_changed":false},"marka":[20560],"model":[25093],"referans-numarasi":[25094,25095],"uretici":[15326],"product_brand":[],"product_cat":[23442],"product_tag":[],"class_list":{"0":"post-18131","1":"product","2":"type-product","3":"status-publish","4":"has-post-thumbnail","6":"marka-egerot-tr","7":"model-bus-sb-120-180-200-tr","8":"referans-numarasi-1139208-tr","9":"referans-numarasi-41139208-tr","10":"uretici-daf-tr","11":"product_cat-stabilizator","13":"first","14":"instock","15":"product-type-simple"},"acf":[],"_links":{"self":[{"href":"https:\/\/revolclutch.com\/tr\/wp-json\/wp\/v2\/product\/18131","targetHints":{"allow":["GET"]}}],"collection":[{"href":"https:\/\/revolclutch.com\/tr\/wp-json\/wp\/v2\/product"}],"about":[{"href":"https:\/\/revolclutch.com\/tr\/wp-json\/wp\/v2\/types\/product"}],"replies":[{"embeddable":true,"href":"https:\/\/revolclutch.com\/tr\/wp-json\/wp\/v2\/comments?post=18131"}],"wp:featuredmedia":[{"embeddable":true,"href":"https:\/\/revolclutch.com\/tr\/wp-json\/wp\/v2\/media\/14081"}],"wp:attachment":[{"href":"https:\/\/revolclutch.com\/tr\/wp-json\/wp\/v2\/media?parent=18131"}],"wp:term":[{"taxonomy":"marka","embeddable":true,"href":"https:\/\/revolclutch.com\/tr\/wp-json\/wp\/v2\/marka?post=18131"},{"taxonomy":"model","embeddable":true,"href":"https:\/\/revolclutch.com\/tr\/wp-json\/wp\/v2\/model?post=18131"},{"taxonomy":"referans-numarasi","embeddable":true,"href":"https:\/\/revolclutch.com\/tr\/wp-json\/wp\/v2\/referans-numarasi?post=18131"},{"taxonomy":"uretici","embeddable":true,"href":"https:\/\/revolclutch.com\/tr\/wp-json\/wp\/v2\/uretici?post=18131"},{"taxonomy":"product_brand","embeddable":true,"href":"https:\/\/revolclutch.com\/tr\/wp-json\/wp\/v2\/product_brand?post=18131"},{"taxonomy":"product_cat","embeddable":true,"href":"https:\/\/revolclutch.com\/tr\/wp-json\/wp\/v2\/product_cat?post=18131"},{"taxonomy":"product_tag","embeddable":true,"href":"https:\/\/revolclutch.com\/tr\/wp-json\/wp\/v2\/product_tag?post=18131"}],"curies":[{"name":"wp","href":"https:\/\/api.w.org\/{rel}","templated":true}]}}