{"id":18427,"date":"2024-08-16T05:58:00","date_gmt":"2024-08-16T05:58:00","guid":{"rendered":"https:\/\/revolclutch.com\/product\/er3290\/"},"modified":"2024-08-16T05:58:00","modified_gmt":"2024-08-16T05:58:00","slug":"er3290","status":"publish","type":"product","link":"https:\/\/revolclutch.com\/tr\/product\/er3290\/","title":{"rendered":"ER3290"},"content":{"rendered":"<p><strong>T\u00fcp:  \u00d8: <\/strong> \u00d840 <\/p>\n<p><strong>Konik:  \u00d8S\/\u00d8B (mm): <\/strong> 27,1\/30 <\/p>\n<p><strong>Uzunluk:  (mm): <\/strong> 285mm <\/p>\n","protected":false},"excerpt":{"rendered":"<p>\u00d8: \u00d840 \u00d8S\/\u00d8B (mm): 27,1\/30 (mm): 285mm<\/p>\n","protected":false},"featured_media":13881,"comment_status":"closed","ping_status":"open","template":"","meta":{"_acf_changed":false},"marka":[20560],"model":[26065],"referans-numarasi":[26066,26067],"uretici":[20570],"product_brand":[],"product_cat":[23442],"product_tag":[],"class_list":{"0":"post-18427","1":"product","2":"type-product","3":"status-publish","4":"has-post-thumbnail","6":"marka-egerot-tr","7":"model-rear-right-tr","8":"referans-numarasi-3823267016-tr","9":"referans-numarasi-3823267216-tr","10":"uretici-mercedes-tr","11":"product_cat-stabilizator","13":"first","14":"instock","15":"product-type-simple"},"acf":[],"_links":{"self":[{"href":"https:\/\/revolclutch.com\/tr\/wp-json\/wp\/v2\/product\/18427","targetHints":{"allow":["GET"]}}],"collection":[{"href":"https:\/\/revolclutch.com\/tr\/wp-json\/wp\/v2\/product"}],"about":[{"href":"https:\/\/revolclutch.com\/tr\/wp-json\/wp\/v2\/types\/product"}],"replies":[{"embeddable":true,"href":"https:\/\/revolclutch.com\/tr\/wp-json\/wp\/v2\/comments?post=18427"}],"wp:featuredmedia":[{"embeddable":true,"href":"https:\/\/revolclutch.com\/tr\/wp-json\/wp\/v2\/media\/13881"}],"wp:attachment":[{"href":"https:\/\/revolclutch.com\/tr\/wp-json\/wp\/v2\/media?parent=18427"}],"wp:term":[{"taxonomy":"marka","embeddable":true,"href":"https:\/\/revolclutch.com\/tr\/wp-json\/wp\/v2\/marka?post=18427"},{"taxonomy":"model","embeddable":true,"href":"https:\/\/revolclutch.com\/tr\/wp-json\/wp\/v2\/model?post=18427"},{"taxonomy":"referans-numarasi","embeddable":true,"href":"https:\/\/revolclutch.com\/tr\/wp-json\/wp\/v2\/referans-numarasi?post=18427"},{"taxonomy":"uretici","embeddable":true,"href":"https:\/\/revolclutch.com\/tr\/wp-json\/wp\/v2\/uretici?post=18427"},{"taxonomy":"product_brand","embeddable":true,"href":"https:\/\/revolclutch.com\/tr\/wp-json\/wp\/v2\/product_brand?post=18427"},{"taxonomy":"product_cat","embeddable":true,"href":"https:\/\/revolclutch.com\/tr\/wp-json\/wp\/v2\/product_cat?post=18427"},{"taxonomy":"product_tag","embeddable":true,"href":"https:\/\/revolclutch.com\/tr\/wp-json\/wp\/v2\/product_tag?post=18427"}],"curies":[{"name":"wp","href":"https:\/\/api.w.org\/{rel}","templated":true}]}}