{"id":18495,"date":"2024-08-16T05:57:39","date_gmt":"2024-08-16T05:57:39","guid":{"rendered":"https:\/\/revolclutch.com\/product\/er3249\/"},"modified":"2024-08-16T05:57:39","modified_gmt":"2024-08-16T05:57:39","slug":"er3249","status":"publish","type":"product","link":"https:\/\/revolclutch.com\/tr\/product\/er3249\/","title":{"rendered":"ER3249"},"content":{"rendered":"<p><strong>T\u00fcp:  \u00d8: <\/strong> \u00d832 <\/p>\n<p><strong>Konik:  \u00d8S\/\u00d8B (mm): <\/strong> 27,1\/30 <\/p>\n<p><strong>Uzunluk:  (mm): <\/strong> 148mm <\/p>\n","protected":false},"excerpt":{"rendered":"<p>\u00d8: \u00d832 \u00d8S\/\u00d8B (mm): 27,1\/30 (mm): 148mm<\/p>\n","protected":false},"featured_media":13789,"comment_status":"closed","ping_status":"open","template":"","meta":{"_acf_changed":false},"marka":[20560],"model":[26284],"referans-numarasi":[26285,26286,26287],"uretici":[15157,15115],"product_brand":[],"product_cat":[23442],"product_tag":[],"class_list":{"0":"post-18495","1":"product","2":"type-product","3":"status-publish","4":"has-post-thumbnail","6":"marka-egerot-tr","7":"model-neoplan-cityliner-starliner-skyliner-tr","8":"referans-numarasi-11015920-tr","9":"referans-numarasi-36437150001-tr","10":"referans-numarasi-n1011015920-tr","11":"uretici-man-tr","12":"uretici-neoplan-tr","13":"product_cat-stabilizator","15":"first","16":"instock","17":"product-type-simple"},"acf":[],"_links":{"self":[{"href":"https:\/\/revolclutch.com\/tr\/wp-json\/wp\/v2\/product\/18495","targetHints":{"allow":["GET"]}}],"collection":[{"href":"https:\/\/revolclutch.com\/tr\/wp-json\/wp\/v2\/product"}],"about":[{"href":"https:\/\/revolclutch.com\/tr\/wp-json\/wp\/v2\/types\/product"}],"replies":[{"embeddable":true,"href":"https:\/\/revolclutch.com\/tr\/wp-json\/wp\/v2\/comments?post=18495"}],"wp:featuredmedia":[{"embeddable":true,"href":"https:\/\/revolclutch.com\/tr\/wp-json\/wp\/v2\/media\/13789"}],"wp:attachment":[{"href":"https:\/\/revolclutch.com\/tr\/wp-json\/wp\/v2\/media?parent=18495"}],"wp:term":[{"taxonomy":"marka","embeddable":true,"href":"https:\/\/revolclutch.com\/tr\/wp-json\/wp\/v2\/marka?post=18495"},{"taxonomy":"model","embeddable":true,"href":"https:\/\/revolclutch.com\/tr\/wp-json\/wp\/v2\/model?post=18495"},{"taxonomy":"referans-numarasi","embeddable":true,"href":"https:\/\/revolclutch.com\/tr\/wp-json\/wp\/v2\/referans-numarasi?post=18495"},{"taxonomy":"uretici","embeddable":true,"href":"https:\/\/revolclutch.com\/tr\/wp-json\/wp\/v2\/uretici?post=18495"},{"taxonomy":"product_brand","embeddable":true,"href":"https:\/\/revolclutch.com\/tr\/wp-json\/wp\/v2\/product_brand?post=18495"},{"taxonomy":"product_cat","embeddable":true,"href":"https:\/\/revolclutch.com\/tr\/wp-json\/wp\/v2\/product_cat?post=18495"},{"taxonomy":"product_tag","embeddable":true,"href":"https:\/\/revolclutch.com\/tr\/wp-json\/wp\/v2\/product_tag?post=18495"}],"curies":[{"name":"wp","href":"https:\/\/api.w.org\/{rel}","templated":true}]}}