{"id":18511,"date":"2024-08-16T05:57:39","date_gmt":"2024-08-16T05:57:39","guid":{"rendered":"https:\/\/revolclutch.com\/product\/er3253\/"},"modified":"2024-08-16T05:57:39","modified_gmt":"2024-08-16T05:57:39","slug":"er3253","status":"publish","type":"product","link":"https:\/\/revolclutch.com\/tr\/product\/er3253\/","title":{"rendered":"ER3253"},"content":{"rendered":"<p><strong>T\u00fcp:  \u00d8: <\/strong> \u00d838 <\/p>\n<p><strong>Konik:  \u00d8S\/\u00d8B (mm): <\/strong> 28\/32 <\/p>\n<p><strong>Uzunluk:  (mm): <\/strong> 283mm <\/p>\n","protected":false},"excerpt":{"rendered":"<p>\u00d8: \u00d838 \u00d8S\/\u00d8B (mm): 28\/32 (mm): 283mm<\/p>\n","protected":false},"featured_media":13805,"comment_status":"closed","ping_status":"open","template":"","meta":{"_acf_changed":false},"marka":[20560],"model":[25197],"referans-numarasi":[26322,26323],"uretici":[15954],"product_brand":[],"product_cat":[23442],"product_tag":[],"class_list":{"0":"post-18511","1":"product","2":"type-product","3":"status-publish","4":"has-post-thumbnail","6":"marka-egerot-tr","7":"model-fh-ii-fh16-ii-fmx-ii-tr","8":"referans-numarasi-21323484-tr","9":"referans-numarasi-22318839-tr","10":"uretici-volvo-tr","11":"product_cat-stabilizator","13":"first","14":"instock","15":"product-type-simple"},"acf":[],"_links":{"self":[{"href":"https:\/\/revolclutch.com\/tr\/wp-json\/wp\/v2\/product\/18511","targetHints":{"allow":["GET"]}}],"collection":[{"href":"https:\/\/revolclutch.com\/tr\/wp-json\/wp\/v2\/product"}],"about":[{"href":"https:\/\/revolclutch.com\/tr\/wp-json\/wp\/v2\/types\/product"}],"replies":[{"embeddable":true,"href":"https:\/\/revolclutch.com\/tr\/wp-json\/wp\/v2\/comments?post=18511"}],"wp:featuredmedia":[{"embeddable":true,"href":"https:\/\/revolclutch.com\/tr\/wp-json\/wp\/v2\/media\/13805"}],"wp:attachment":[{"href":"https:\/\/revolclutch.com\/tr\/wp-json\/wp\/v2\/media?parent=18511"}],"wp:term":[{"taxonomy":"marka","embeddable":true,"href":"https:\/\/revolclutch.com\/tr\/wp-json\/wp\/v2\/marka?post=18511"},{"taxonomy":"model","embeddable":true,"href":"https:\/\/revolclutch.com\/tr\/wp-json\/wp\/v2\/model?post=18511"},{"taxonomy":"referans-numarasi","embeddable":true,"href":"https:\/\/revolclutch.com\/tr\/wp-json\/wp\/v2\/referans-numarasi?post=18511"},{"taxonomy":"uretici","embeddable":true,"href":"https:\/\/revolclutch.com\/tr\/wp-json\/wp\/v2\/uretici?post=18511"},{"taxonomy":"product_brand","embeddable":true,"href":"https:\/\/revolclutch.com\/tr\/wp-json\/wp\/v2\/product_brand?post=18511"},{"taxonomy":"product_cat","embeddable":true,"href":"https:\/\/revolclutch.com\/tr\/wp-json\/wp\/v2\/product_cat?post=18511"},{"taxonomy":"product_tag","embeddable":true,"href":"https:\/\/revolclutch.com\/tr\/wp-json\/wp\/v2\/product_tag?post=18511"}],"curies":[{"name":"wp","href":"https:\/\/api.w.org\/{rel}","templated":true}]}}