{"id":18719,"date":"2024-08-16T05:56:36","date_gmt":"2024-08-16T05:56:36","guid":{"rendered":"https:\/\/revolclutch.com\/product\/er3098\/"},"modified":"2024-08-16T05:56:36","modified_gmt":"2024-08-16T05:56:36","slug":"er3098","status":"publish","type":"product","link":"https:\/\/revolclutch.com\/tr\/product\/er3098\/","title":{"rendered":"ER3098"},"content":{"rendered":"<p><strong>Di\u015f \u00d6l\u00e7\u00fcs\u00fc: :  <\/strong> M30x1.5 RHT <\/p>\n<p><strong>Konik:  \u00d8S\/\u00d8B (mm): <\/strong> 28,9\/32 <\/p>\n<p><strong>Uzunluk:  (mm): <\/strong> 80mm <\/p>\n","protected":false},"excerpt":{"rendered":"<p>: M30x1.5 RHT \u00d8S\/\u00d8B (mm): 28,9\/32 (mm): 80mm<\/p>\n","protected":false},"featured_media":0,"comment_status":"closed","ping_status":"open","template":"","meta":{"_acf_changed":false},"marka":[20560],"model":[23489],"referans-numarasi":[26838,26839],"uretici":[15157],"product_brand":[],"product_cat":[22138],"product_tag":[],"class_list":{"0":"post-18719","1":"product","2":"type-product","3":"status-publish","5":"marka-egerot-tr","6":"model-tga-tgs-tr","7":"referans-numarasi-82953016020-tr","8":"referans-numarasi-82953016402-tr","9":"uretici-man-tr","10":"product_cat-rot-basi","12":"first","13":"instock","14":"product-type-simple"},"acf":[],"_links":{"self":[{"href":"https:\/\/revolclutch.com\/tr\/wp-json\/wp\/v2\/product\/18719","targetHints":{"allow":["GET"]}}],"collection":[{"href":"https:\/\/revolclutch.com\/tr\/wp-json\/wp\/v2\/product"}],"about":[{"href":"https:\/\/revolclutch.com\/tr\/wp-json\/wp\/v2\/types\/product"}],"replies":[{"embeddable":true,"href":"https:\/\/revolclutch.com\/tr\/wp-json\/wp\/v2\/comments?post=18719"}],"wp:attachment":[{"href":"https:\/\/revolclutch.com\/tr\/wp-json\/wp\/v2\/media?parent=18719"}],"wp:term":[{"taxonomy":"marka","embeddable":true,"href":"https:\/\/revolclutch.com\/tr\/wp-json\/wp\/v2\/marka?post=18719"},{"taxonomy":"model","embeddable":true,"href":"https:\/\/revolclutch.com\/tr\/wp-json\/wp\/v2\/model?post=18719"},{"taxonomy":"referans-numarasi","embeddable":true,"href":"https:\/\/revolclutch.com\/tr\/wp-json\/wp\/v2\/referans-numarasi?post=18719"},{"taxonomy":"uretici","embeddable":true,"href":"https:\/\/revolclutch.com\/tr\/wp-json\/wp\/v2\/uretici?post=18719"},{"taxonomy":"product_brand","embeddable":true,"href":"https:\/\/revolclutch.com\/tr\/wp-json\/wp\/v2\/product_brand?post=18719"},{"taxonomy":"product_cat","embeddable":true,"href":"https:\/\/revolclutch.com\/tr\/wp-json\/wp\/v2\/product_cat?post=18719"},{"taxonomy":"product_tag","embeddable":true,"href":"https:\/\/revolclutch.com\/tr\/wp-json\/wp\/v2\/product_tag?post=18719"}],"curies":[{"name":"wp","href":"https:\/\/api.w.org\/{rel}","templated":true}]}}