{"id":18867,"date":"2024-08-16T05:56:04","date_gmt":"2024-08-16T05:56:04","guid":{"rendered":"https:\/\/revolclutch.com\/product\/er3071\/"},"modified":"2024-08-16T05:56:04","modified_gmt":"2024-08-16T05:56:04","slug":"er3071","status":"publish","type":"product","link":"https:\/\/revolclutch.com\/tr\/product\/er3071\/","title":{"rendered":"ER3071"},"content":{"rendered":"<p><strong>Di\u015f \u00d6l\u00e7\u00fcs\u00fc: :  <\/strong> M85x1,5 \/ M36x1,5 <\/p>\n<p><strong>Konik:  \u00d8S\/\u00d8B (mm): <\/strong> 37.8\/42 <\/p>\n","protected":false},"excerpt":{"rendered":"<p>: M85x1,5 \/ M36x1,5 \u00d8S\/\u00d8B (mm): 37.8\/42<\/p>\n","protected":false},"featured_media":13449,"comment_status":"closed","ping_status":"open","template":"","meta":{"_acf_changed":false},"marka":[20560],"model":[27177],"referans-numarasi":[27178,27179,27180,27181,27182,27183],"uretici":[25747,15114],"product_brand":[],"product_cat":[22138],"product_tag":[],"class_list":{"0":"post-18867","1":"product","2":"type-product","3":"status-publish","4":"has-post-thumbnail","6":"marka-egerot-tr","7":"model-fiat-series-300-393-35-my-way-irisbus-europolis-iveco-bus-393-29-393-35-399-35-my-way-eurorider-irizar-pb-14-pb14-6-pb-16-tr","8":"referans-numarasi-42567706-tr","9":"referans-numarasi-500333278-tr","10":"referans-numarasi-5006303711-tr","11":"referans-numarasi-d055280-tr","12":"referans-numarasi-d057268-tr","13":"referans-numarasi-d057274-tr","14":"uretici-bredamenarinibus-tr","15":"uretici-iveco-tr","16":"product_cat-rot-basi","18":"first","19":"instock","20":"product-type-simple"},"acf":[],"_links":{"self":[{"href":"https:\/\/revolclutch.com\/tr\/wp-json\/wp\/v2\/product\/18867","targetHints":{"allow":["GET"]}}],"collection":[{"href":"https:\/\/revolclutch.com\/tr\/wp-json\/wp\/v2\/product"}],"about":[{"href":"https:\/\/revolclutch.com\/tr\/wp-json\/wp\/v2\/types\/product"}],"replies":[{"embeddable":true,"href":"https:\/\/revolclutch.com\/tr\/wp-json\/wp\/v2\/comments?post=18867"}],"wp:featuredmedia":[{"embeddable":true,"href":"https:\/\/revolclutch.com\/tr\/wp-json\/wp\/v2\/media\/13449"}],"wp:attachment":[{"href":"https:\/\/revolclutch.com\/tr\/wp-json\/wp\/v2\/media?parent=18867"}],"wp:term":[{"taxonomy":"marka","embeddable":true,"href":"https:\/\/revolclutch.com\/tr\/wp-json\/wp\/v2\/marka?post=18867"},{"taxonomy":"model","embeddable":true,"href":"https:\/\/revolclutch.com\/tr\/wp-json\/wp\/v2\/model?post=18867"},{"taxonomy":"referans-numarasi","embeddable":true,"href":"https:\/\/revolclutch.com\/tr\/wp-json\/wp\/v2\/referans-numarasi?post=18867"},{"taxonomy":"uretici","embeddable":true,"href":"https:\/\/revolclutch.com\/tr\/wp-json\/wp\/v2\/uretici?post=18867"},{"taxonomy":"product_brand","embeddable":true,"href":"https:\/\/revolclutch.com\/tr\/wp-json\/wp\/v2\/product_brand?post=18867"},{"taxonomy":"product_cat","embeddable":true,"href":"https:\/\/revolclutch.com\/tr\/wp-json\/wp\/v2\/product_cat?post=18867"},{"taxonomy":"product_tag","embeddable":true,"href":"https:\/\/revolclutch.com\/tr\/wp-json\/wp\/v2\/product_tag?post=18867"}],"curies":[{"name":"wp","href":"https:\/\/api.w.org\/{rel}","templated":true}]}}