{"id":19023,"date":"2024-08-16T05:55:13","date_gmt":"2024-08-16T05:55:13","guid":{"rendered":"https:\/\/revolclutch.com\/product\/er2296\/"},"modified":"2024-08-16T05:55:13","modified_gmt":"2024-08-16T05:55:13","slug":"er2296","status":"publish","type":"product","link":"https:\/\/revolclutch.com\/tr\/product\/er2296\/","title":{"rendered":"ER2296"},"content":{"rendered":"<p><strong>Di\u015f \u00c7ap: \u00d8 : <\/strong> \u00d870\/\u00d840 <\/p>\n","protected":false},"excerpt":{"rendered":"<p>\u00d8 : \u00d870\/\u00d840<\/p>\n","protected":false},"featured_media":13317,"comment_status":"closed","ping_status":"open","template":"","meta":{"_acf_changed":false},"marka":[20560],"model":[27747],"referans-numarasi":[27748,27749,27750,27751],"uretici":[20570],"product_brand":[],"product_cat":[27587],"product_tag":[],"class_list":{"0":"post-19023","1":"product","2":"type-product","3":"status-publish","4":"has-post-thumbnail","6":"marka-egerot-tr","7":"model-3340-4140-tr","8":"referans-numarasi-0003237485-tr","9":"referans-numarasi-0003237585-tr","10":"referans-numarasi-0003237985-tr","11":"referans-numarasi-a3753230585-tr","12":"uretici-mercedes-tr","13":"product_cat-tamir-kiti","15":"first","16":"instock","17":"product-type-simple"},"acf":[],"_links":{"self":[{"href":"https:\/\/revolclutch.com\/tr\/wp-json\/wp\/v2\/product\/19023","targetHints":{"allow":["GET"]}}],"collection":[{"href":"https:\/\/revolclutch.com\/tr\/wp-json\/wp\/v2\/product"}],"about":[{"href":"https:\/\/revolclutch.com\/tr\/wp-json\/wp\/v2\/types\/product"}],"replies":[{"embeddable":true,"href":"https:\/\/revolclutch.com\/tr\/wp-json\/wp\/v2\/comments?post=19023"}],"wp:featuredmedia":[{"embeddable":true,"href":"https:\/\/revolclutch.com\/tr\/wp-json\/wp\/v2\/media\/13317"}],"wp:attachment":[{"href":"https:\/\/revolclutch.com\/tr\/wp-json\/wp\/v2\/media?parent=19023"}],"wp:term":[{"taxonomy":"marka","embeddable":true,"href":"https:\/\/revolclutch.com\/tr\/wp-json\/wp\/v2\/marka?post=19023"},{"taxonomy":"model","embeddable":true,"href":"https:\/\/revolclutch.com\/tr\/wp-json\/wp\/v2\/model?post=19023"},{"taxonomy":"referans-numarasi","embeddable":true,"href":"https:\/\/revolclutch.com\/tr\/wp-json\/wp\/v2\/referans-numarasi?post=19023"},{"taxonomy":"uretici","embeddable":true,"href":"https:\/\/revolclutch.com\/tr\/wp-json\/wp\/v2\/uretici?post=19023"},{"taxonomy":"product_brand","embeddable":true,"href":"https:\/\/revolclutch.com\/tr\/wp-json\/wp\/v2\/product_brand?post=19023"},{"taxonomy":"product_cat","embeddable":true,"href":"https:\/\/revolclutch.com\/tr\/wp-json\/wp\/v2\/product_cat?post=19023"},{"taxonomy":"product_tag","embeddable":true,"href":"https:\/\/revolclutch.com\/tr\/wp-json\/wp\/v2\/product_tag?post=19023"}],"curies":[{"name":"wp","href":"https:\/\/api.w.org\/{rel}","templated":true}]}}