{"id":19143,"date":"2024-08-16T05:54:30","date_gmt":"2024-08-16T05:54:30","guid":{"rendered":"https:\/\/revolclutch.com\/product\/er2231\/"},"modified":"2024-08-16T05:54:30","modified_gmt":"2024-08-16T05:54:30","slug":"er2231","status":"publish","type":"product","link":"https:\/\/revolclutch.com\/tr\/product\/er2231\/","title":{"rendered":"ER2231"},"content":{"rendered":"<p><strong>Di\u015f \u00c7ap: \u00d8 : <\/strong> \u00d875 <\/p>\n<p><strong>Delik: \u00d8 : <\/strong> \u00d819 <\/p>\n<p><strong>Delik:  ekseni (mm): : <\/strong> 115 <\/p>\n<p><strong>Kal\u0131nl\u0131k:  (mm): : <\/strong> 24 <\/p>\n","protected":false},"excerpt":{"rendered":"<p>\u00d8 : \u00d875 \u00d8 : \u00d819 ekseni (mm): : 115 (mm): : 24<\/p>\n","protected":false},"featured_media":13277,"comment_status":"closed","ping_status":"open","template":"","meta":{"_acf_changed":false},"marka":[20560],"model":[28073],"referans-numarasi":[28074,28075],"uretici":[15117],"product_brand":[],"product_cat":[27587],"product_tag":[],"class_list":{"0":"post-19143","1":"product","2":"type-product","3":"status-publish","4":"has-post-thumbnail","6":"marka-egerot-tr","7":"model-4-series-114-c-g-l-124c-g-l-144c-g-l-164c-g-l-94c-g-l-t114c-g-l-t124c-l-pgrt-series-tr","8":"referans-numarasi-1722753-tr","9":"referans-numarasi-2096392-tr","10":"uretici-scania-tr","11":"product_cat-tamir-kiti","13":"first","14":"instock","15":"product-type-simple"},"acf":[],"_links":{"self":[{"href":"https:\/\/revolclutch.com\/tr\/wp-json\/wp\/v2\/product\/19143","targetHints":{"allow":["GET"]}}],"collection":[{"href":"https:\/\/revolclutch.com\/tr\/wp-json\/wp\/v2\/product"}],"about":[{"href":"https:\/\/revolclutch.com\/tr\/wp-json\/wp\/v2\/types\/product"}],"replies":[{"embeddable":true,"href":"https:\/\/revolclutch.com\/tr\/wp-json\/wp\/v2\/comments?post=19143"}],"wp:featuredmedia":[{"embeddable":true,"href":"https:\/\/revolclutch.com\/tr\/wp-json\/wp\/v2\/media\/13277"}],"wp:attachment":[{"href":"https:\/\/revolclutch.com\/tr\/wp-json\/wp\/v2\/media?parent=19143"}],"wp:term":[{"taxonomy":"marka","embeddable":true,"href":"https:\/\/revolclutch.com\/tr\/wp-json\/wp\/v2\/marka?post=19143"},{"taxonomy":"model","embeddable":true,"href":"https:\/\/revolclutch.com\/tr\/wp-json\/wp\/v2\/model?post=19143"},{"taxonomy":"referans-numarasi","embeddable":true,"href":"https:\/\/revolclutch.com\/tr\/wp-json\/wp\/v2\/referans-numarasi?post=19143"},{"taxonomy":"uretici","embeddable":true,"href":"https:\/\/revolclutch.com\/tr\/wp-json\/wp\/v2\/uretici?post=19143"},{"taxonomy":"product_brand","embeddable":true,"href":"https:\/\/revolclutch.com\/tr\/wp-json\/wp\/v2\/product_brand?post=19143"},{"taxonomy":"product_cat","embeddable":true,"href":"https:\/\/revolclutch.com\/tr\/wp-json\/wp\/v2\/product_cat?post=19143"},{"taxonomy":"product_tag","embeddable":true,"href":"https:\/\/revolclutch.com\/tr\/wp-json\/wp\/v2\/product_tag?post=19143"}],"curies":[{"name":"wp","href":"https:\/\/api.w.org\/{rel}","templated":true}]}}