{"id":19151,"date":"2024-08-16T05:54:30","date_gmt":"2024-08-16T05:54:30","guid":{"rendered":"https:\/\/revolclutch.com\/product\/er2233\/"},"modified":"2024-08-16T05:54:30","modified_gmt":"2024-08-16T05:54:30","slug":"er2233","status":"publish","type":"product","link":"https:\/\/revolclutch.com\/tr\/product\/er2233\/","title":{"rendered":"ER2233"},"content":{"rendered":"<p><strong>Di\u015f \u00c7ap: \u00d8 : <\/strong> \u00d891,3 <\/p>\n<p><strong>Delik: \u00d8 : <\/strong> \u00d817 <\/p>\n<p><strong>Delik:  ekseni (mm): : <\/strong> 115 <\/p>\n<p><strong>Kal\u0131nl\u0131k:  (mm): : <\/strong> 24 <\/p>\n","protected":false},"excerpt":{"rendered":"<p>\u00d8 : \u00d891,3 \u00d8 : \u00d817 ekseni (mm): : 115 (mm): : 24<\/p>\n","protected":false},"featured_media":13281,"comment_status":"closed","ping_status":"open","template":"","meta":{"_acf_changed":false},"marka":[20560],"model":[],"referans-numarasi":[28086,28087],"uretici":[15117,15954],"product_brand":[],"product_cat":[27587],"product_tag":[],"class_list":{"0":"post-19151","1":"product","2":"type-product","3":"status-publish","4":"has-post-thumbnail","6":"marka-egerot-tr","7":"referans-numarasi-1386753-tr","8":"referans-numarasi-70371217-tr","9":"uretici-scania-tr","10":"uretici-volvo-tr","11":"product_cat-tamir-kiti","13":"first","14":"instock","15":"product-type-simple"},"acf":[],"_links":{"self":[{"href":"https:\/\/revolclutch.com\/tr\/wp-json\/wp\/v2\/product\/19151","targetHints":{"allow":["GET"]}}],"collection":[{"href":"https:\/\/revolclutch.com\/tr\/wp-json\/wp\/v2\/product"}],"about":[{"href":"https:\/\/revolclutch.com\/tr\/wp-json\/wp\/v2\/types\/product"}],"replies":[{"embeddable":true,"href":"https:\/\/revolclutch.com\/tr\/wp-json\/wp\/v2\/comments?post=19151"}],"wp:featuredmedia":[{"embeddable":true,"href":"https:\/\/revolclutch.com\/tr\/wp-json\/wp\/v2\/media\/13281"}],"wp:attachment":[{"href":"https:\/\/revolclutch.com\/tr\/wp-json\/wp\/v2\/media?parent=19151"}],"wp:term":[{"taxonomy":"marka","embeddable":true,"href":"https:\/\/revolclutch.com\/tr\/wp-json\/wp\/v2\/marka?post=19151"},{"taxonomy":"model","embeddable":true,"href":"https:\/\/revolclutch.com\/tr\/wp-json\/wp\/v2\/model?post=19151"},{"taxonomy":"referans-numarasi","embeddable":true,"href":"https:\/\/revolclutch.com\/tr\/wp-json\/wp\/v2\/referans-numarasi?post=19151"},{"taxonomy":"uretici","embeddable":true,"href":"https:\/\/revolclutch.com\/tr\/wp-json\/wp\/v2\/uretici?post=19151"},{"taxonomy":"product_brand","embeddable":true,"href":"https:\/\/revolclutch.com\/tr\/wp-json\/wp\/v2\/product_brand?post=19151"},{"taxonomy":"product_cat","embeddable":true,"href":"https:\/\/revolclutch.com\/tr\/wp-json\/wp\/v2\/product_cat?post=19151"},{"taxonomy":"product_tag","embeddable":true,"href":"https:\/\/revolclutch.com\/tr\/wp-json\/wp\/v2\/product_tag?post=19151"}],"curies":[{"name":"wp","href":"https:\/\/api.w.org\/{rel}","templated":true}]}}