{"id":19235,"date":"2024-08-15T14:49:10","date_gmt":"2024-08-15T14:49:10","guid":{"rendered":"https:\/\/revolclutch.com\/product\/er2202\/"},"modified":"2024-08-15T14:49:10","modified_gmt":"2024-08-15T14:49:10","slug":"er2202","status":"publish","type":"product","link":"https:\/\/revolclutch.com\/tr\/product\/er2202\/","title":{"rendered":"ER2202"},"content":{"rendered":"<p><strong>Di\u015f \u00c7ap: \u00d8 : <\/strong> \u00d890 <\/p>\n","protected":false},"excerpt":{"rendered":"<p>\u00d8 : \u00d890<\/p>\n","protected":false},"featured_media":0,"comment_status":"closed","ping_status":"open","template":"","meta":{"_acf_changed":false},"marka":[20560],"model":[19834,28232],"referans-numarasi":[28322,28323],"uretici":[15157,20570],"product_brand":[],"product_cat":[27587],"product_tag":[],"class_list":{"0":"post-19235","1":"product","2":"type-product","3":"status-publish","5":"marka-egerot-tr","6":"model-fh16-euro-6-650-700-750-tr","7":"model-mk-ng-sk-tr","8":"referans-numarasi-0003500105-tr","9":"referans-numarasi-81432706047-tr","10":"uretici-man-tr","11":"uretici-mercedes-tr","12":"product_cat-tamir-kiti","14":"first","15":"instock","16":"product-type-simple"},"acf":[],"_links":{"self":[{"href":"https:\/\/revolclutch.com\/tr\/wp-json\/wp\/v2\/product\/19235","targetHints":{"allow":["GET"]}}],"collection":[{"href":"https:\/\/revolclutch.com\/tr\/wp-json\/wp\/v2\/product"}],"about":[{"href":"https:\/\/revolclutch.com\/tr\/wp-json\/wp\/v2\/types\/product"}],"replies":[{"embeddable":true,"href":"https:\/\/revolclutch.com\/tr\/wp-json\/wp\/v2\/comments?post=19235"}],"wp:attachment":[{"href":"https:\/\/revolclutch.com\/tr\/wp-json\/wp\/v2\/media?parent=19235"}],"wp:term":[{"taxonomy":"marka","embeddable":true,"href":"https:\/\/revolclutch.com\/tr\/wp-json\/wp\/v2\/marka?post=19235"},{"taxonomy":"model","embeddable":true,"href":"https:\/\/revolclutch.com\/tr\/wp-json\/wp\/v2\/model?post=19235"},{"taxonomy":"referans-numarasi","embeddable":true,"href":"https:\/\/revolclutch.com\/tr\/wp-json\/wp\/v2\/referans-numarasi?post=19235"},{"taxonomy":"uretici","embeddable":true,"href":"https:\/\/revolclutch.com\/tr\/wp-json\/wp\/v2\/uretici?post=19235"},{"taxonomy":"product_brand","embeddable":true,"href":"https:\/\/revolclutch.com\/tr\/wp-json\/wp\/v2\/product_brand?post=19235"},{"taxonomy":"product_cat","embeddable":true,"href":"https:\/\/revolclutch.com\/tr\/wp-json\/wp\/v2\/product_cat?post=19235"},{"taxonomy":"product_tag","embeddable":true,"href":"https:\/\/revolclutch.com\/tr\/wp-json\/wp\/v2\/product_tag?post=19235"}],"curies":[{"name":"wp","href":"https:\/\/api.w.org\/{rel}","templated":true}]}}