{"id":19439,"date":"2024-08-15T14:47:17","date_gmt":"2024-08-15T14:47:17","guid":{"rendered":"https:\/\/revolclutch.com\/product\/er2092\/"},"modified":"2024-08-15T14:47:17","modified_gmt":"2024-08-15T14:47:17","slug":"er2092","status":"publish","type":"product","link":"https:\/\/revolclutch.com\/tr\/product\/er2092\/","title":{"rendered":"ER2092"},"content":{"rendered":"<p><strong>Di\u015f \u00c7ap: \u00d8 : <\/strong> \u00d890 <\/p>\n","protected":false},"excerpt":{"rendered":"<p>\u00d8 : \u00d890<\/p>\n","protected":false},"featured_media":0,"comment_status":"closed","ping_status":"open","template":"","meta":{"_acf_changed":false},"marka":[20560],"model":[28997],"referans-numarasi":[29006,29007],"uretici":[15157,15954],"product_brand":[],"product_cat":[27587],"product_tag":[],"class_list":{"0":"post-19439","1":"product","2":"type-product","3":"status-publish","5":"marka-egerot-tr","6":"model-tga-tgs-tgx-f-2000-tr","7":"referans-numarasi-276191-tr","8":"referans-numarasi-81432706080-tr","9":"uretici-man-tr","10":"uretici-volvo-tr","11":"product_cat-tamir-kiti","13":"first","14":"instock","15":"product-type-simple"},"acf":[],"_links":{"self":[{"href":"https:\/\/revolclutch.com\/tr\/wp-json\/wp\/v2\/product\/19439","targetHints":{"allow":["GET"]}}],"collection":[{"href":"https:\/\/revolclutch.com\/tr\/wp-json\/wp\/v2\/product"}],"about":[{"href":"https:\/\/revolclutch.com\/tr\/wp-json\/wp\/v2\/types\/product"}],"replies":[{"embeddable":true,"href":"https:\/\/revolclutch.com\/tr\/wp-json\/wp\/v2\/comments?post=19439"}],"wp:attachment":[{"href":"https:\/\/revolclutch.com\/tr\/wp-json\/wp\/v2\/media?parent=19439"}],"wp:term":[{"taxonomy":"marka","embeddable":true,"href":"https:\/\/revolclutch.com\/tr\/wp-json\/wp\/v2\/marka?post=19439"},{"taxonomy":"model","embeddable":true,"href":"https:\/\/revolclutch.com\/tr\/wp-json\/wp\/v2\/model?post=19439"},{"taxonomy":"referans-numarasi","embeddable":true,"href":"https:\/\/revolclutch.com\/tr\/wp-json\/wp\/v2\/referans-numarasi?post=19439"},{"taxonomy":"uretici","embeddable":true,"href":"https:\/\/revolclutch.com\/tr\/wp-json\/wp\/v2\/uretici?post=19439"},{"taxonomy":"product_brand","embeddable":true,"href":"https:\/\/revolclutch.com\/tr\/wp-json\/wp\/v2\/product_brand?post=19439"},{"taxonomy":"product_cat","embeddable":true,"href":"https:\/\/revolclutch.com\/tr\/wp-json\/wp\/v2\/product_cat?post=19439"},{"taxonomy":"product_tag","embeddable":true,"href":"https:\/\/revolclutch.com\/tr\/wp-json\/wp\/v2\/product_tag?post=19439"}],"curies":[{"name":"wp","href":"https:\/\/api.w.org\/{rel}","templated":true}]}}