{"id":20031,"date":"2024-08-15T14:44:09","date_gmt":"2024-08-15T14:44:09","guid":{"rendered":"https:\/\/revolclutch.com\/product\/er1862\/"},"modified":"2024-08-15T14:44:09","modified_gmt":"2024-08-15T14:44:09","slug":"er1862","status":"publish","type":"product","link":"https:\/\/revolclutch.com\/tr\/product\/er1862\/","title":{"rendered":"ER1862"},"content":{"rendered":"<p><strong>Di\u015f \u00d6l\u00e7\u00fcs\u00fc: :  <\/strong> M30x1.5 LHT <\/p>\n<p><strong>Konik:  \u00d8S\/\u00d8B (mm): <\/strong> 21,85\/25,4 <\/p>\n<p><strong>Uzunluk:  (mm): <\/strong> 115mm <\/p>\n","protected":false},"excerpt":{"rendered":"<p>: M30x1.5 LHT \u00d8S\/\u00d8B (mm): 21,85\/25,4 (mm): 115mm<\/p>\n","protected":false},"featured_media":12953,"comment_status":"closed","ping_status":"open","template":"","meta":{"_acf_changed":false},"marka":[20560],"model":[],"referans-numarasi":[31111,31112,31113,31114,31115,31116,31117,31118,31119],"uretici":[15325,15326,15622,27723,31083,24911],"product_brand":[],"product_cat":[22138],"product_tag":[],"class_list":{"0":"post-20031","1":"product","2":"type-product","3":"status-publish","4":"has-post-thumbnail","6":"marka-egerot-tr","7":"referans-numarasi-1142072-tr","8":"referans-numarasi-24240041-tr","9":"referans-numarasi-41142072-tr","10":"referans-numarasi-654104-4-tr","11":"referans-numarasi-656007-49-tr","12":"referans-numarasi-658521-23-tr","13":"referans-numarasi-r5400009-tr","14":"referans-numarasi-x1858686-tr","15":"referans-numarasi-x5458685-tr","16":"uretici-bova-tr","17":"uretici-daf-tr","18":"uretici-dennis-tr","19":"uretici-metrocab-tr","20":"uretici-optare-tr","21":"uretici-vdl-tr","22":"product_cat-rot-basi","24":"first","25":"instock","26":"product-type-simple"},"acf":[],"_links":{"self":[{"href":"https:\/\/revolclutch.com\/tr\/wp-json\/wp\/v2\/product\/20031","targetHints":{"allow":["GET"]}}],"collection":[{"href":"https:\/\/revolclutch.com\/tr\/wp-json\/wp\/v2\/product"}],"about":[{"href":"https:\/\/revolclutch.com\/tr\/wp-json\/wp\/v2\/types\/product"}],"replies":[{"embeddable":true,"href":"https:\/\/revolclutch.com\/tr\/wp-json\/wp\/v2\/comments?post=20031"}],"wp:featuredmedia":[{"embeddable":true,"href":"https:\/\/revolclutch.com\/tr\/wp-json\/wp\/v2\/media\/12953"}],"wp:attachment":[{"href":"https:\/\/revolclutch.com\/tr\/wp-json\/wp\/v2\/media?parent=20031"}],"wp:term":[{"taxonomy":"marka","embeddable":true,"href":"https:\/\/revolclutch.com\/tr\/wp-json\/wp\/v2\/marka?post=20031"},{"taxonomy":"model","embeddable":true,"href":"https:\/\/revolclutch.com\/tr\/wp-json\/wp\/v2\/model?post=20031"},{"taxonomy":"referans-numarasi","embeddable":true,"href":"https:\/\/revolclutch.com\/tr\/wp-json\/wp\/v2\/referans-numarasi?post=20031"},{"taxonomy":"uretici","embeddable":true,"href":"https:\/\/revolclutch.com\/tr\/wp-json\/wp\/v2\/uretici?post=20031"},{"taxonomy":"product_brand","embeddable":true,"href":"https:\/\/revolclutch.com\/tr\/wp-json\/wp\/v2\/product_brand?post=20031"},{"taxonomy":"product_cat","embeddable":true,"href":"https:\/\/revolclutch.com\/tr\/wp-json\/wp\/v2\/product_cat?post=20031"},{"taxonomy":"product_tag","embeddable":true,"href":"https:\/\/revolclutch.com\/tr\/wp-json\/wp\/v2\/product_tag?post=20031"}],"curies":[{"name":"wp","href":"https:\/\/api.w.org\/{rel}","templated":true}]}}