{"id":20087,"date":"2024-08-15T14:43:46","date_gmt":"2024-08-15T14:43:46","guid":{"rendered":"https:\/\/revolclutch.com\/product\/er1817\/"},"modified":"2024-08-15T14:43:46","modified_gmt":"2024-08-15T14:43:46","slug":"er1817","status":"publish","type":"product","link":"https:\/\/revolclutch.com\/tr\/product\/er1817\/","title":{"rendered":"ER1817"},"content":{"rendered":"<p><strong>T\u00fcp:  \u00d8: <\/strong> \u00d836 <\/p>\n<p><strong>Konik:  \u00d8S\/\u00d8B (mm): <\/strong> 24,7\/28,6 <\/p>\n<p><strong>Konik:  \u00d8S\/\u00d8B (mm): <\/strong> 28\/32 <\/p>\n<p><strong>Uzunluk:  (mm): <\/strong> 350mm <\/p>\n","protected":false},"excerpt":{"rendered":"<p>\u00d8: \u00d836 \u00d8S\/\u00d8B (mm): 24,7\/28,6 \u00d8S\/\u00d8B (mm): 28\/32 (mm): 350mm<\/p>\n","protected":false},"featured_media":12849,"comment_status":"closed","ping_status":"open","template":"","meta":{"_acf_changed":false},"marka":[20560],"model":[30791,30792,31320,30793,23405,31298,31299,31300,24922,31301,31321,31322],"referans-numarasi":[31323,26875],"uretici":[15954],"product_brand":[],"product_cat":[23442],"product_tag":[],"class_list":{"0":"post-20087","1":"product","2":"type-product","3":"status-publish","4":"has-post-thumbnail","6":"marka-egerot-tr","7":"model-7350-tr","8":"model-8700-tr","9":"model-b6-tr","10":"model-b7-tr","11":"model-b9-tr","12":"model-fh-tr","13":"model-fh12-tr","14":"model-fh16-tr","15":"model-fl6-tr","16":"model-fm-tr","17":"model-fm12-tr","18":"model-fm9-tr","19":"referans-numarasi-20443063-tr","20":"referans-numarasi-20994420-tr","21":"uretici-volvo-tr","22":"product_cat-stabilizator","24":"first","25":"instock","26":"product-type-simple"},"acf":[],"_links":{"self":[{"href":"https:\/\/revolclutch.com\/tr\/wp-json\/wp\/v2\/product\/20087","targetHints":{"allow":["GET"]}}],"collection":[{"href":"https:\/\/revolclutch.com\/tr\/wp-json\/wp\/v2\/product"}],"about":[{"href":"https:\/\/revolclutch.com\/tr\/wp-json\/wp\/v2\/types\/product"}],"replies":[{"embeddable":true,"href":"https:\/\/revolclutch.com\/tr\/wp-json\/wp\/v2\/comments?post=20087"}],"wp:featuredmedia":[{"embeddable":true,"href":"https:\/\/revolclutch.com\/tr\/wp-json\/wp\/v2\/media\/12849"}],"wp:attachment":[{"href":"https:\/\/revolclutch.com\/tr\/wp-json\/wp\/v2\/media?parent=20087"}],"wp:term":[{"taxonomy":"marka","embeddable":true,"href":"https:\/\/revolclutch.com\/tr\/wp-json\/wp\/v2\/marka?post=20087"},{"taxonomy":"model","embeddable":true,"href":"https:\/\/revolclutch.com\/tr\/wp-json\/wp\/v2\/model?post=20087"},{"taxonomy":"referans-numarasi","embeddable":true,"href":"https:\/\/revolclutch.com\/tr\/wp-json\/wp\/v2\/referans-numarasi?post=20087"},{"taxonomy":"uretici","embeddable":true,"href":"https:\/\/revolclutch.com\/tr\/wp-json\/wp\/v2\/uretici?post=20087"},{"taxonomy":"product_brand","embeddable":true,"href":"https:\/\/revolclutch.com\/tr\/wp-json\/wp\/v2\/product_brand?post=20087"},{"taxonomy":"product_cat","embeddable":true,"href":"https:\/\/revolclutch.com\/tr\/wp-json\/wp\/v2\/product_cat?post=20087"},{"taxonomy":"product_tag","embeddable":true,"href":"https:\/\/revolclutch.com\/tr\/wp-json\/wp\/v2\/product_tag?post=20087"}],"curies":[{"name":"wp","href":"https:\/\/api.w.org\/{rel}","templated":true}]}}