{"id":20399,"date":"2024-08-15T14:42:21","date_gmt":"2024-08-15T14:42:21","guid":{"rendered":"https:\/\/revolclutch.com\/product\/er1678\/"},"modified":"2024-08-15T14:42:21","modified_gmt":"2024-08-15T14:42:21","slug":"er1678","status":"publish","type":"product","link":"https:\/\/revolclutch.com\/tr\/product\/er1678\/","title":{"rendered":"ER1678"},"content":{"rendered":"<p><strong>Di\u015f \u00d6l\u00e7\u00fcs\u00fc: :  <\/strong> M22x1.5 RHT <\/p>\n<p><strong>Konik:  \u00d8S\/\u00d8B (mm): <\/strong> 23,5\/26 <\/p>\n<p><strong>Uzunluk:  (mm): <\/strong> 90mm <\/p>\n","protected":false},"excerpt":{"rendered":"<p>: M22x1.5 RHT \u00d8S\/\u00d8B (mm): 23,5\/26 (mm): 90mm<\/p>\n","protected":false},"featured_media":12529,"comment_status":"closed","ping_status":"open","template":"","meta":{"_acf_changed":false},"marka":[20560],"model":[32447,32489],"referans-numarasi":[32490,32491,32492,32493,32494,32495],"uretici":[25443,15326,16496,20570,19522],"product_brand":[],"product_cat":[22138],"product_tag":[],"class_list":{"0":"post-20399","1":"product","2":"type-product","3":"status-publish","4":"has-post-thumbnail","6":"marka-egerot-tr","7":"model-75-cf-xf-95-tr","8":"model-mb-trac-1100-1300-1300-turbo-1400-turbo-1500-tr","9":"referans-numarasi-0004632329-tr","10":"referans-numarasi-0004632629-tr","11":"referans-numarasi-120110404-tr","12":"referans-numarasi-1299555-tr","13":"referans-numarasi-1605300141-tr","14":"referans-numarasi-4125657-tr","15":"uretici-auwarter-tr","16":"uretici-daf-tr","17":"uretici-faun-tr","18":"uretici-mercedes-tr","19":"uretici-sisu-tr","20":"product_cat-rot-basi","22":"first","23":"instock","24":"product-type-simple"},"acf":[],"_links":{"self":[{"href":"https:\/\/revolclutch.com\/tr\/wp-json\/wp\/v2\/product\/20399","targetHints":{"allow":["GET"]}}],"collection":[{"href":"https:\/\/revolclutch.com\/tr\/wp-json\/wp\/v2\/product"}],"about":[{"href":"https:\/\/revolclutch.com\/tr\/wp-json\/wp\/v2\/types\/product"}],"replies":[{"embeddable":true,"href":"https:\/\/revolclutch.com\/tr\/wp-json\/wp\/v2\/comments?post=20399"}],"wp:featuredmedia":[{"embeddable":true,"href":"https:\/\/revolclutch.com\/tr\/wp-json\/wp\/v2\/media\/12529"}],"wp:attachment":[{"href":"https:\/\/revolclutch.com\/tr\/wp-json\/wp\/v2\/media?parent=20399"}],"wp:term":[{"taxonomy":"marka","embeddable":true,"href":"https:\/\/revolclutch.com\/tr\/wp-json\/wp\/v2\/marka?post=20399"},{"taxonomy":"model","embeddable":true,"href":"https:\/\/revolclutch.com\/tr\/wp-json\/wp\/v2\/model?post=20399"},{"taxonomy":"referans-numarasi","embeddable":true,"href":"https:\/\/revolclutch.com\/tr\/wp-json\/wp\/v2\/referans-numarasi?post=20399"},{"taxonomy":"uretici","embeddable":true,"href":"https:\/\/revolclutch.com\/tr\/wp-json\/wp\/v2\/uretici?post=20399"},{"taxonomy":"product_brand","embeddable":true,"href":"https:\/\/revolclutch.com\/tr\/wp-json\/wp\/v2\/product_brand?post=20399"},{"taxonomy":"product_cat","embeddable":true,"href":"https:\/\/revolclutch.com\/tr\/wp-json\/wp\/v2\/product_cat?post=20399"},{"taxonomy":"product_tag","embeddable":true,"href":"https:\/\/revolclutch.com\/tr\/wp-json\/wp\/v2\/product_tag?post=20399"}],"curies":[{"name":"wp","href":"https:\/\/api.w.org\/{rel}","templated":true}]}}