{"id":20447,"date":"2024-08-15T14:41:56","date_gmt":"2024-08-15T14:41:56","guid":{"rendered":"https:\/\/revolclutch.com\/product\/er1638\/"},"modified":"2024-08-15T14:41:56","modified_gmt":"2024-08-15T14:41:56","slug":"er1638","status":"publish","type":"product","link":"https:\/\/revolclutch.com\/tr\/product\/er1638\/","title":{"rendered":"ER1638"},"content":{"rendered":"<p><strong>Di\u015f \u00d6l\u00e7\u00fcs\u00fc: :  <\/strong> M30x1.5 RHT <\/p>\n<p><strong>Konik:  \u00d8S\/\u00d8B (mm): <\/strong> 27,1\/30 <\/p>\n<p><strong>Uzunluk:  (mm): <\/strong> 80mm <\/p>\n","protected":false},"excerpt":{"rendered":"<p>: M30x1.5 RHT \u00d8S\/\u00d8B (mm): 27,1\/30 (mm): 80mm<\/p>\n","protected":false},"featured_media":12433,"comment_status":"closed","ping_status":"open","template":"","meta":{"_acf_changed":false},"marka":[20560],"model":[32651,23464],"referans-numarasi":[32652,32653,32654,32655,32656,32657,32658],"uretici":[25443,15114,15157,20570,15115,32659],"product_brand":[],"product_cat":[22138],"product_tag":[],"class_list":{"0":"post-20447","1":"product","2":"type-product","3":"status-publish","4":"has-post-thumbnail","6":"marka-egerot-tr","7":"model-ctyclass-euro-star-euro-tech-mp-tr","8":"model-tga-tgs-tgx-tr","9":"referans-numarasi-0024601448-tr","10":"referans-numarasi-11019869-tr","11":"referans-numarasi-12216380-tr","12":"referans-numarasi-55175540-tr","13":"referans-numarasi-81953016238-tr","14":"referans-numarasi-82953016015-tr","15":"referans-numarasi-93192809-tr","16":"uretici-auwarter-tr","17":"uretici-iveco-tr","18":"uretici-man-tr","19":"uretici-mercedes-tr","20":"uretici-neoplan-tr","21":"uretici-terex-tr","22":"product_cat-rot-basi","24":"first","25":"instock","26":"product-type-simple"},"acf":[],"_links":{"self":[{"href":"https:\/\/revolclutch.com\/tr\/wp-json\/wp\/v2\/product\/20447","targetHints":{"allow":["GET"]}}],"collection":[{"href":"https:\/\/revolclutch.com\/tr\/wp-json\/wp\/v2\/product"}],"about":[{"href":"https:\/\/revolclutch.com\/tr\/wp-json\/wp\/v2\/types\/product"}],"replies":[{"embeddable":true,"href":"https:\/\/revolclutch.com\/tr\/wp-json\/wp\/v2\/comments?post=20447"}],"wp:featuredmedia":[{"embeddable":true,"href":"https:\/\/revolclutch.com\/tr\/wp-json\/wp\/v2\/media\/12433"}],"wp:attachment":[{"href":"https:\/\/revolclutch.com\/tr\/wp-json\/wp\/v2\/media?parent=20447"}],"wp:term":[{"taxonomy":"marka","embeddable":true,"href":"https:\/\/revolclutch.com\/tr\/wp-json\/wp\/v2\/marka?post=20447"},{"taxonomy":"model","embeddable":true,"href":"https:\/\/revolclutch.com\/tr\/wp-json\/wp\/v2\/model?post=20447"},{"taxonomy":"referans-numarasi","embeddable":true,"href":"https:\/\/revolclutch.com\/tr\/wp-json\/wp\/v2\/referans-numarasi?post=20447"},{"taxonomy":"uretici","embeddable":true,"href":"https:\/\/revolclutch.com\/tr\/wp-json\/wp\/v2\/uretici?post=20447"},{"taxonomy":"product_brand","embeddable":true,"href":"https:\/\/revolclutch.com\/tr\/wp-json\/wp\/v2\/product_brand?post=20447"},{"taxonomy":"product_cat","embeddable":true,"href":"https:\/\/revolclutch.com\/tr\/wp-json\/wp\/v2\/product_cat?post=20447"},{"taxonomy":"product_tag","embeddable":true,"href":"https:\/\/revolclutch.com\/tr\/wp-json\/wp\/v2\/product_tag?post=20447"}],"curies":[{"name":"wp","href":"https:\/\/api.w.org\/{rel}","templated":true}]}}