{"id":20471,"date":"2024-08-15T14:41:56","date_gmt":"2024-08-15T14:41:56","guid":{"rendered":"https:\/\/revolclutch.com\/product\/er1648\/"},"modified":"2024-08-15T14:41:56","modified_gmt":"2024-08-15T14:41:56","slug":"er1648","status":"publish","type":"product","link":"https:\/\/revolclutch.com\/tr\/product\/er1648\/","title":{"rendered":"ER1648"},"content":{"rendered":"<p><strong>Di\u015f \u00d6l\u00e7\u00fcs\u00fc: :  <\/strong> M24x1.5 LHT <\/p>\n<p><strong>Konik:  \u00d8S\/\u00d8B (mm): <\/strong> 18\/20 <\/p>\n<p><strong>Uzunluk:  (mm): <\/strong> 105mm <\/p>\n","protected":false},"excerpt":{"rendered":"<p>: M24x1.5 LHT \u00d8S\/\u00d8B (mm): 18\/20 (mm): 105mm<\/p>\n","protected":false},"featured_media":12445,"comment_status":"closed","ping_status":"open","template":"","meta":{"_acf_changed":false},"marka":[20560],"model":[],"referans-numarasi":[32733,32734,32735,32736,32737,32738],"uretici":[25443,23542,15626,32739,17722,15286],"product_brand":[],"product_cat":[22138],"product_tag":[],"class_list":{"0":"post-20471","1":"product","2":"type-product","3":"status-publish","4":"has-post-thumbnail","6":"marka-egerot-tr","7":"referans-numarasi-120326200-tr","8":"referans-numarasi-1617829m1-tr","9":"referans-numarasi-48513la31a-tr","10":"referans-numarasi-536903191-tr","11":"referans-numarasi-6851489000-tr","12":"referans-numarasi-7700658834-tr","13":"uretici-auwarter-tr","14":"uretici-hanomag-tr","15":"uretici-kassbohrer-tr","16":"uretici-massey-ferguson-tr","17":"uretici-nissan-tr","18":"uretici-renault-tr","19":"product_cat-rot-basi","21":"first","22":"instock","23":"product-type-simple"},"acf":[],"_links":{"self":[{"href":"https:\/\/revolclutch.com\/tr\/wp-json\/wp\/v2\/product\/20471","targetHints":{"allow":["GET"]}}],"collection":[{"href":"https:\/\/revolclutch.com\/tr\/wp-json\/wp\/v2\/product"}],"about":[{"href":"https:\/\/revolclutch.com\/tr\/wp-json\/wp\/v2\/types\/product"}],"replies":[{"embeddable":true,"href":"https:\/\/revolclutch.com\/tr\/wp-json\/wp\/v2\/comments?post=20471"}],"wp:featuredmedia":[{"embeddable":true,"href":"https:\/\/revolclutch.com\/tr\/wp-json\/wp\/v2\/media\/12445"}],"wp:attachment":[{"href":"https:\/\/revolclutch.com\/tr\/wp-json\/wp\/v2\/media?parent=20471"}],"wp:term":[{"taxonomy":"marka","embeddable":true,"href":"https:\/\/revolclutch.com\/tr\/wp-json\/wp\/v2\/marka?post=20471"},{"taxonomy":"model","embeddable":true,"href":"https:\/\/revolclutch.com\/tr\/wp-json\/wp\/v2\/model?post=20471"},{"taxonomy":"referans-numarasi","embeddable":true,"href":"https:\/\/revolclutch.com\/tr\/wp-json\/wp\/v2\/referans-numarasi?post=20471"},{"taxonomy":"uretici","embeddable":true,"href":"https:\/\/revolclutch.com\/tr\/wp-json\/wp\/v2\/uretici?post=20471"},{"taxonomy":"product_brand","embeddable":true,"href":"https:\/\/revolclutch.com\/tr\/wp-json\/wp\/v2\/product_brand?post=20471"},{"taxonomy":"product_cat","embeddable":true,"href":"https:\/\/revolclutch.com\/tr\/wp-json\/wp\/v2\/product_cat?post=20471"},{"taxonomy":"product_tag","embeddable":true,"href":"https:\/\/revolclutch.com\/tr\/wp-json\/wp\/v2\/product_tag?post=20471"}],"curies":[{"name":"wp","href":"https:\/\/api.w.org\/{rel}","templated":true}]}}