{"id":21107,"date":"2024-08-15T14:39:10","date_gmt":"2024-08-15T14:39:10","guid":{"rendered":"https:\/\/revolclutch.com\/product\/er1404\/"},"modified":"2024-08-15T14:39:10","modified_gmt":"2024-08-15T14:39:10","slug":"er1404","status":"publish","type":"product","link":"https:\/\/revolclutch.com\/tr\/product\/er1404\/","title":{"rendered":"ER1404"},"content":{"rendered":"<p><strong>Di\u015f \u00d6l\u00e7\u00fcs\u00fc: :  <\/strong> M26x1.5 RHT <\/p>\n<p><strong>Konik:  \u00d8S\/\u00d8B (mm): <\/strong> 23,5\/26 <\/p>\n<p><strong>Uzunluk:  (mm): <\/strong> 77 mm <\/p>\n","protected":false},"excerpt":{"rendered":"<p>: M26x1.5 RHT \u00d8S\/\u00d8B (mm): 23,5\/26 (mm): 77 mm<\/p>\n","protected":false},"featured_media":11841,"comment_status":"closed","ping_status":"open","template":"","meta":{"_acf_changed":false},"marka":[20560],"model":[34560],"referans-numarasi":[34561,34562,34563],"uretici":[15117],"product_brand":[],"product_cat":[22138],"product_tag":[],"class_list":{"0":"post-21107","1":"product","2":"type-product","3":"status-publish","4":"has-post-thumbnail","6":"marka-egerot-tr","7":"model-4-series-94-114-124-144-164-t94-t114-t124-t144-pgrt-series-tr","8":"referans-numarasi-1394446-tr","9":"referans-numarasi-1720640-tr","10":"referans-numarasi-2287175-tr","11":"uretici-scania-tr","12":"product_cat-rot-basi","14":"first","15":"instock","16":"product-type-simple"},"acf":[],"_links":{"self":[{"href":"https:\/\/revolclutch.com\/tr\/wp-json\/wp\/v2\/product\/21107","targetHints":{"allow":["GET"]}}],"collection":[{"href":"https:\/\/revolclutch.com\/tr\/wp-json\/wp\/v2\/product"}],"about":[{"href":"https:\/\/revolclutch.com\/tr\/wp-json\/wp\/v2\/types\/product"}],"replies":[{"embeddable":true,"href":"https:\/\/revolclutch.com\/tr\/wp-json\/wp\/v2\/comments?post=21107"}],"wp:featuredmedia":[{"embeddable":true,"href":"https:\/\/revolclutch.com\/tr\/wp-json\/wp\/v2\/media\/11841"}],"wp:attachment":[{"href":"https:\/\/revolclutch.com\/tr\/wp-json\/wp\/v2\/media?parent=21107"}],"wp:term":[{"taxonomy":"marka","embeddable":true,"href":"https:\/\/revolclutch.com\/tr\/wp-json\/wp\/v2\/marka?post=21107"},{"taxonomy":"model","embeddable":true,"href":"https:\/\/revolclutch.com\/tr\/wp-json\/wp\/v2\/model?post=21107"},{"taxonomy":"referans-numarasi","embeddable":true,"href":"https:\/\/revolclutch.com\/tr\/wp-json\/wp\/v2\/referans-numarasi?post=21107"},{"taxonomy":"uretici","embeddable":true,"href":"https:\/\/revolclutch.com\/tr\/wp-json\/wp\/v2\/uretici?post=21107"},{"taxonomy":"product_brand","embeddable":true,"href":"https:\/\/revolclutch.com\/tr\/wp-json\/wp\/v2\/product_brand?post=21107"},{"taxonomy":"product_cat","embeddable":true,"href":"https:\/\/revolclutch.com\/tr\/wp-json\/wp\/v2\/product_cat?post=21107"},{"taxonomy":"product_tag","embeddable":true,"href":"https:\/\/revolclutch.com\/tr\/wp-json\/wp\/v2\/product_tag?post=21107"}],"curies":[{"name":"wp","href":"https:\/\/api.w.org\/{rel}","templated":true}]}}