{"id":21475,"date":"2024-08-15T14:37:48","date_gmt":"2024-08-15T14:37:48","guid":{"rendered":"https:\/\/revolclutch.com\/product\/er1288\/"},"modified":"2024-08-15T14:37:48","modified_gmt":"2024-08-15T14:37:48","slug":"er1288","status":"publish","type":"product","link":"https:\/\/revolclutch.com\/tr\/product\/er1288\/","title":{"rendered":"ER1288"},"content":{"rendered":"<p><strong>T\u00fcp:  \u00d8: <\/strong> \u00d836 <\/p>\n<p><strong>Konik:  \u00d8S\/\u00d8B (mm): <\/strong> 24,7\/28,6 <\/p>\n<p><strong>Uzunluk:  (mm): <\/strong> 435mm <\/p>\n","protected":false},"excerpt":{"rendered":"<p>\u00d8: \u00d836 \u00d8S\/\u00d8B (mm): 24,7\/28,6 (mm): 435mm<\/p>\n","protected":false},"featured_media":11493,"comment_status":"closed","ping_status":"open","template":"","meta":{"_acf_changed":false},"marka":[20560],"model":[31298,31299,31300,24922,31301,31321,31322],"referans-numarasi":[31303,35603,26867],"uretici":[15954],"product_brand":[],"product_cat":[23442],"product_tag":[],"class_list":{"0":"post-21475","1":"product","2":"type-product","3":"status-publish","4":"has-post-thumbnail","6":"marka-egerot-tr","7":"model-fh-tr","8":"model-fh12-tr","9":"model-fh16-tr","10":"model-fl6-tr","11":"model-fm-tr","12":"model-fm12-tr","13":"model-fm9-tr","14":"referans-numarasi-20443061-tr","15":"referans-numarasi-20443065-tr","16":"referans-numarasi-20994418-tr","17":"uretici-volvo-tr","18":"product_cat-stabilizator","20":"first","21":"instock","22":"product-type-simple"},"acf":[],"_links":{"self":[{"href":"https:\/\/revolclutch.com\/tr\/wp-json\/wp\/v2\/product\/21475","targetHints":{"allow":["GET"]}}],"collection":[{"href":"https:\/\/revolclutch.com\/tr\/wp-json\/wp\/v2\/product"}],"about":[{"href":"https:\/\/revolclutch.com\/tr\/wp-json\/wp\/v2\/types\/product"}],"replies":[{"embeddable":true,"href":"https:\/\/revolclutch.com\/tr\/wp-json\/wp\/v2\/comments?post=21475"}],"wp:featuredmedia":[{"embeddable":true,"href":"https:\/\/revolclutch.com\/tr\/wp-json\/wp\/v2\/media\/11493"}],"wp:attachment":[{"href":"https:\/\/revolclutch.com\/tr\/wp-json\/wp\/v2\/media?parent=21475"}],"wp:term":[{"taxonomy":"marka","embeddable":true,"href":"https:\/\/revolclutch.com\/tr\/wp-json\/wp\/v2\/marka?post=21475"},{"taxonomy":"model","embeddable":true,"href":"https:\/\/revolclutch.com\/tr\/wp-json\/wp\/v2\/model?post=21475"},{"taxonomy":"referans-numarasi","embeddable":true,"href":"https:\/\/revolclutch.com\/tr\/wp-json\/wp\/v2\/referans-numarasi?post=21475"},{"taxonomy":"uretici","embeddable":true,"href":"https:\/\/revolclutch.com\/tr\/wp-json\/wp\/v2\/uretici?post=21475"},{"taxonomy":"product_brand","embeddable":true,"href":"https:\/\/revolclutch.com\/tr\/wp-json\/wp\/v2\/product_brand?post=21475"},{"taxonomy":"product_cat","embeddable":true,"href":"https:\/\/revolclutch.com\/tr\/wp-json\/wp\/v2\/product_cat?post=21475"},{"taxonomy":"product_tag","embeddable":true,"href":"https:\/\/revolclutch.com\/tr\/wp-json\/wp\/v2\/product_tag?post=21475"}],"curies":[{"name":"wp","href":"https:\/\/api.w.org\/{rel}","templated":true}]}}