{"id":21831,"date":"2024-08-15T14:36:06","date_gmt":"2024-08-15T14:36:06","guid":{"rendered":"https:\/\/revolclutch.com\/product\/er1162\/"},"modified":"2024-08-15T14:36:06","modified_gmt":"2024-08-15T14:36:06","slug":"er1162","status":"publish","type":"product","link":"https:\/\/revolclutch.com\/tr\/product\/er1162\/","title":{"rendered":"ER1162"},"content":{"rendered":"<p><strong>Di\u015f \u00d6l\u00e7\u00fcs\u00fc: :  <\/strong> M26x1.5 RHT <\/p>\n<p><strong>Konik:  \u00d8S\/\u00d8B (mm): <\/strong> 34,3\/38 <\/p>\n<p><strong>Uzunluk:  (mm): <\/strong> 85mm <\/p>\n","protected":false},"excerpt":{"rendered":"<p>: M26x1.5 RHT \u00d8S\/\u00d8B (mm): 34,3\/38 (mm): 85mm<\/p>\n","protected":false},"featured_media":11141,"comment_status":"closed","ping_status":"open","template":"","meta":{"_acf_changed":false},"marka":[20560],"model":[36696,27321],"referans-numarasi":[36697,36698,36699,36700,36701,36702,36703,36704,36705,36706,36707],"uretici":[15326,15156,15114,15157,20570,19522,32659,15634],"product_brand":[],"product_cat":[22138],"product_tag":[],"class_list":{"0":"post-21831","1":"product","2":"type-product","3":"status-publish","4":"has-post-thumbnail","6":"marka-egerot-tr","7":"model-3025-3028-3228-3235-3328-3528-3535-tr","8":"model-euro-trakker-tr","9":"referans-numarasi-0223712-tr","10":"referans-numarasi-1361618-tr","11":"referans-numarasi-1605300131-tr","12":"referans-numarasi-206899-7-tr","13":"referans-numarasi-36438240-tr","14":"referans-numarasi-42105474-tr","15":"referans-numarasi-42532294-tr","16":"referans-numarasi-6244600348-tr","17":"referans-numarasi-634203870-tr","18":"referans-numarasi-81953016231-tr","19":"referans-numarasi-82953010009-tr","20":"uretici-daf-tr","21":"uretici-erf-tr","22":"uretici-iveco-tr","23":"uretici-man-tr","24":"uretici-mercedes-tr","25":"uretici-sisu-tr","26":"uretici-terex-tr","27":"uretici-van-hool-tr","28":"product_cat-rot-basi","30":"first","31":"instock","32":"product-type-simple"},"acf":[],"_links":{"self":[{"href":"https:\/\/revolclutch.com\/tr\/wp-json\/wp\/v2\/product\/21831","targetHints":{"allow":["GET"]}}],"collection":[{"href":"https:\/\/revolclutch.com\/tr\/wp-json\/wp\/v2\/product"}],"about":[{"href":"https:\/\/revolclutch.com\/tr\/wp-json\/wp\/v2\/types\/product"}],"replies":[{"embeddable":true,"href":"https:\/\/revolclutch.com\/tr\/wp-json\/wp\/v2\/comments?post=21831"}],"wp:featuredmedia":[{"embeddable":true,"href":"https:\/\/revolclutch.com\/tr\/wp-json\/wp\/v2\/media\/11141"}],"wp:attachment":[{"href":"https:\/\/revolclutch.com\/tr\/wp-json\/wp\/v2\/media?parent=21831"}],"wp:term":[{"taxonomy":"marka","embeddable":true,"href":"https:\/\/revolclutch.com\/tr\/wp-json\/wp\/v2\/marka?post=21831"},{"taxonomy":"model","embeddable":true,"href":"https:\/\/revolclutch.com\/tr\/wp-json\/wp\/v2\/model?post=21831"},{"taxonomy":"referans-numarasi","embeddable":true,"href":"https:\/\/revolclutch.com\/tr\/wp-json\/wp\/v2\/referans-numarasi?post=21831"},{"taxonomy":"uretici","embeddable":true,"href":"https:\/\/revolclutch.com\/tr\/wp-json\/wp\/v2\/uretici?post=21831"},{"taxonomy":"product_brand","embeddable":true,"href":"https:\/\/revolclutch.com\/tr\/wp-json\/wp\/v2\/product_brand?post=21831"},{"taxonomy":"product_cat","embeddable":true,"href":"https:\/\/revolclutch.com\/tr\/wp-json\/wp\/v2\/product_cat?post=21831"},{"taxonomy":"product_tag","embeddable":true,"href":"https:\/\/revolclutch.com\/tr\/wp-json\/wp\/v2\/product_tag?post=21831"}],"curies":[{"name":"wp","href":"https:\/\/api.w.org\/{rel}","templated":true}]}}