{"id":22027,"date":"2024-08-15T14:35:25","date_gmt":"2024-08-15T14:35:25","guid":{"rendered":"https:\/\/revolclutch.com\/product\/er1096\/"},"modified":"2024-08-15T14:35:25","modified_gmt":"2024-08-15T14:35:25","slug":"er1096","status":"publish","type":"product","link":"https:\/\/revolclutch.com\/tr\/product\/er1096\/","title":{"rendered":"ER1096"},"content":{"rendered":"<p><strong>Di\u015f \u00d6l\u00e7\u00fcs\u00fc: :  <\/strong> M26x1.5 RHT <\/p>\n<p><strong>Konik:  \u00d8S\/\u00d8B (mm): <\/strong> 27,1\/30 <\/p>\n<p><strong>Uzunluk:  (mm): <\/strong> 75mm <\/p>\n","protected":false},"excerpt":{"rendered":"<p>: M26x1.5 RHT \u00d8S\/\u00d8B (mm): 27,1\/30 (mm): 75mm<\/p>\n","protected":false},"featured_media":10945,"comment_status":"closed","ping_status":"open","template":"","meta":{"_acf_changed":false},"marka":[20560],"model":[37476,37477,27855,26392,37478,37479,37480,26481,27857,37481,27858,37482],"referans-numarasi":[37483,37484,37485,37486,37487,37488,37489,37490,37491,37492,37493,37494,37495,37496,37497,37498,37499],"uretici":[25443,15623,15114,15157,20570,15115,15286,15117,16498,24398],"product_brand":[],"product_cat":[22138],"product_tag":[],"class_list":{"0":"post-22027","1":"product","2":"type-product","3":"status-publish","4":"has-post-thumbnail","6":"marka-egerot-tr","7":"model-euro-star-euro-tech-mh-euro-tech-mp-stralis-tr","8":"model-f2000-sonderfahrzeuge-tga-tgs-tgx-24-350-24-400-tr","9":"model-g-tr","10":"model-k-tr","11":"model-k94-l94-n94-114-124-bus-k94-l94-n94-114-124-omnilink-bus-f-tr","12":"model-n-irizar-pb-4-series-p-tr","13":"model-o-350-tourismo-o-0550-integro-o-580-travego-tr","14":"model-premium-tr","15":"model-r-tr","16":"model-setra-series-400-multiclass-400-s-415-s-416-s-417-tr","17":"model-t-series-tr","18":"model-tg-a-18-s-31-18-s-36-18-s41-18-s-46-18-s-51-tr","19":"referans-numarasi-0009964845-tr","20":"referans-numarasi-0014607048-tr","21":"referans-numarasi-11019859-tr","22":"referans-numarasi-122162800-tr","23":"referans-numarasi-1394443-tr","24":"referans-numarasi-2653487-tr","25":"referans-numarasi-281953016280-tr","26":"referans-numarasi-42533073-tr","27":"referans-numarasi-5001849879-tr","28":"referans-numarasi-7031500-tr","29":"referans-numarasi-81953016280-tr","30":"referans-numarasi-81953016335-tr","31":"referans-numarasi-81953016338-tr","32":"referans-numarasi-81953016400-tr","33":"referans-numarasi-81953016401-tr","34":"referans-numarasi-82953010010-tr","35":"referans-numarasi-a0014607048-tr","36":"uretici-auwarter-tr","37":"uretici-evobus-tr","38":"uretici-iveco-tr","39":"uretici-man-tr","40":"uretici-mercedes-tr","41":"uretici-neoplan-tr","42":"uretici-renault-tr","43":"uretici-scania-tr","44":"uretici-steyr-tr","45":"uretici-volkswagen-tr","46":"product_cat-rot-basi","48":"first","49":"instock","50":"product-type-simple"},"acf":[],"_links":{"self":[{"href":"https:\/\/revolclutch.com\/tr\/wp-json\/wp\/v2\/product\/22027","targetHints":{"allow":["GET"]}}],"collection":[{"href":"https:\/\/revolclutch.com\/tr\/wp-json\/wp\/v2\/product"}],"about":[{"href":"https:\/\/revolclutch.com\/tr\/wp-json\/wp\/v2\/types\/product"}],"replies":[{"embeddable":true,"href":"https:\/\/revolclutch.com\/tr\/wp-json\/wp\/v2\/comments?post=22027"}],"wp:featuredmedia":[{"embeddable":true,"href":"https:\/\/revolclutch.com\/tr\/wp-json\/wp\/v2\/media\/10945"}],"wp:attachment":[{"href":"https:\/\/revolclutch.com\/tr\/wp-json\/wp\/v2\/media?parent=22027"}],"wp:term":[{"taxonomy":"marka","embeddable":true,"href":"https:\/\/revolclutch.com\/tr\/wp-json\/wp\/v2\/marka?post=22027"},{"taxonomy":"model","embeddable":true,"href":"https:\/\/revolclutch.com\/tr\/wp-json\/wp\/v2\/model?post=22027"},{"taxonomy":"referans-numarasi","embeddable":true,"href":"https:\/\/revolclutch.com\/tr\/wp-json\/wp\/v2\/referans-numarasi?post=22027"},{"taxonomy":"uretici","embeddable":true,"href":"https:\/\/revolclutch.com\/tr\/wp-json\/wp\/v2\/uretici?post=22027"},{"taxonomy":"product_brand","embeddable":true,"href":"https:\/\/revolclutch.com\/tr\/wp-json\/wp\/v2\/product_brand?post=22027"},{"taxonomy":"product_cat","embeddable":true,"href":"https:\/\/revolclutch.com\/tr\/wp-json\/wp\/v2\/product_cat?post=22027"},{"taxonomy":"product_tag","embeddable":true,"href":"https:\/\/revolclutch.com\/tr\/wp-json\/wp\/v2\/product_tag?post=22027"}],"curies":[{"name":"wp","href":"https:\/\/api.w.org\/{rel}","templated":true}]}}