{"id":22415,"date":"2024-08-15T14:33:47","date_gmt":"2024-08-15T14:33:47","guid":{"rendered":"https:\/\/revolclutch.com\/product\/er0972\/"},"modified":"2024-08-15T14:33:47","modified_gmt":"2024-08-15T14:33:47","slug":"er0972","status":"publish","type":"product","link":"https:\/\/revolclutch.com\/tr\/product\/er0972\/","title":{"rendered":"ER0972"},"content":{"rendered":"<p><strong>Di\u015f \u00d6l\u00e7\u00fcs\u00fc: :  <\/strong> M36x1.5 RHT <\/p>\n<p><strong>Konik:  \u00d8S\/\u00d8B (mm): <\/strong> 34,3\/38 <\/p>\n<p><strong>Uzunluk:  (mm): <\/strong> 90mm <\/p>\n","protected":false},"excerpt":{"rendered":"<p>: M36x1.5 RHT \u00d8S\/\u00d8B (mm): 34,3\/38 (mm): 90mm<\/p>\n","protected":false},"featured_media":10565,"comment_status":"closed","ping_status":"open","template":"","meta":{"_acf_changed":false},"marka":[20560],"model":[38840,19834,23489],"referans-numarasi":[38841,38842,38843,38844,38845,38846,38847],"uretici":[15326,15114,15157,15954],"product_brand":[],"product_cat":[22138],"product_tag":[],"class_list":{"0":"post-22415","1":"product","2":"type-product","3":"status-publish","4":"has-post-thumbnail","6":"marka-egerot-tr","7":"model-fh12-fh16-fl10-fl12-tr","8":"model-fh16-euro-6-650-700-750-tr","9":"model-tga-tgs-tr","10":"referans-numarasi-1271126-tr","11":"referans-numarasi-3090291-tr","12":"referans-numarasi-3099128-tr","13":"referans-numarasi-42538048-tr","14":"referans-numarasi-81953016268-tr","15":"referans-numarasi-82953016018-tr","16":"referans-numarasi-82953016019-tr","17":"uretici-daf-tr","18":"uretici-iveco-tr","19":"uretici-man-tr","20":"uretici-volvo-tr","21":"product_cat-rot-basi","23":"first","24":"instock","25":"product-type-simple"},"acf":[],"_links":{"self":[{"href":"https:\/\/revolclutch.com\/tr\/wp-json\/wp\/v2\/product\/22415","targetHints":{"allow":["GET"]}}],"collection":[{"href":"https:\/\/revolclutch.com\/tr\/wp-json\/wp\/v2\/product"}],"about":[{"href":"https:\/\/revolclutch.com\/tr\/wp-json\/wp\/v2\/types\/product"}],"replies":[{"embeddable":true,"href":"https:\/\/revolclutch.com\/tr\/wp-json\/wp\/v2\/comments?post=22415"}],"wp:featuredmedia":[{"embeddable":true,"href":"https:\/\/revolclutch.com\/tr\/wp-json\/wp\/v2\/media\/10565"}],"wp:attachment":[{"href":"https:\/\/revolclutch.com\/tr\/wp-json\/wp\/v2\/media?parent=22415"}],"wp:term":[{"taxonomy":"marka","embeddable":true,"href":"https:\/\/revolclutch.com\/tr\/wp-json\/wp\/v2\/marka?post=22415"},{"taxonomy":"model","embeddable":true,"href":"https:\/\/revolclutch.com\/tr\/wp-json\/wp\/v2\/model?post=22415"},{"taxonomy":"referans-numarasi","embeddable":true,"href":"https:\/\/revolclutch.com\/tr\/wp-json\/wp\/v2\/referans-numarasi?post=22415"},{"taxonomy":"uretici","embeddable":true,"href":"https:\/\/revolclutch.com\/tr\/wp-json\/wp\/v2\/uretici?post=22415"},{"taxonomy":"product_brand","embeddable":true,"href":"https:\/\/revolclutch.com\/tr\/wp-json\/wp\/v2\/product_brand?post=22415"},{"taxonomy":"product_cat","embeddable":true,"href":"https:\/\/revolclutch.com\/tr\/wp-json\/wp\/v2\/product_cat?post=22415"},{"taxonomy":"product_tag","embeddable":true,"href":"https:\/\/revolclutch.com\/tr\/wp-json\/wp\/v2\/product_tag?post=22415"}],"curies":[{"name":"wp","href":"https:\/\/api.w.org\/{rel}","templated":true}]}}