{"id":22515,"date":"2024-08-15T14:33:27","date_gmt":"2024-08-15T14:33:27","guid":{"rendered":"https:\/\/revolclutch.com\/product\/er0943\/"},"modified":"2024-08-15T14:33:27","modified_gmt":"2024-08-15T14:33:27","slug":"er0943","status":"publish","type":"product","link":"https:\/\/revolclutch.com\/tr\/product\/er0943\/","title":{"rendered":"ER0943"},"content":{"rendered":"<p><strong>Di\u015f \u00d6l\u00e7\u00fcs\u00fc: :  <\/strong> M26x1.5 RHT <\/p>\n<p><strong>Konik:  \u00d8S\/\u00d8B (mm): <\/strong> 27,1\/30 <\/p>\n<p><strong>Uzunluk:  (mm): <\/strong> 80mm <\/p>\n","protected":false},"excerpt":{"rendered":"<p>: M26x1.5 RHT \u00d8S\/\u00d8B (mm): 27,1\/30 (mm): 80mm<\/p>\n","protected":false},"featured_media":10465,"comment_status":"closed","ping_status":"open","template":"","meta":{"_acf_changed":false},"marka":[20560],"model":[39268,31262,39269],"referans-numarasi":[34561,39270,39271,39272,39273,39274,39275],"uretici":[15114,15157,15117],"product_brand":[],"product_cat":[22138],"product_tag":[],"class_list":{"0":"post-22515","1":"product","2":"type-product","3":"status-publish","4":"has-post-thumbnail","6":"marka-egerot-tr","7":"model-4-series-114c-g-l-144c-g-l-124c-g-l-64c-l-94c-d-g-l-pgrt-series-tr","8":"model-e2000-f2000-f90-tr","9":"model-eurostar-ld240-eurotec-mh260-mp240-tr","10":"referans-numarasi-1394446-tr","11":"referans-numarasi-42533102-tr","12":"referans-numarasi-81953016219-tr","13":"referans-numarasi-81953016225-tr","14":"referans-numarasi-81953016226-tr","15":"referans-numarasi-81953016267-tr","16":"referans-numarasi-81953016291-tr","17":"uretici-iveco-tr","18":"uretici-man-tr","19":"uretici-scania-tr","20":"product_cat-rot-basi","22":"first","23":"instock","24":"product-type-simple"},"acf":[],"_links":{"self":[{"href":"https:\/\/revolclutch.com\/tr\/wp-json\/wp\/v2\/product\/22515","targetHints":{"allow":["GET"]}}],"collection":[{"href":"https:\/\/revolclutch.com\/tr\/wp-json\/wp\/v2\/product"}],"about":[{"href":"https:\/\/revolclutch.com\/tr\/wp-json\/wp\/v2\/types\/product"}],"replies":[{"embeddable":true,"href":"https:\/\/revolclutch.com\/tr\/wp-json\/wp\/v2\/comments?post=22515"}],"wp:featuredmedia":[{"embeddable":true,"href":"https:\/\/revolclutch.com\/tr\/wp-json\/wp\/v2\/media\/10465"}],"wp:attachment":[{"href":"https:\/\/revolclutch.com\/tr\/wp-json\/wp\/v2\/media?parent=22515"}],"wp:term":[{"taxonomy":"marka","embeddable":true,"href":"https:\/\/revolclutch.com\/tr\/wp-json\/wp\/v2\/marka?post=22515"},{"taxonomy":"model","embeddable":true,"href":"https:\/\/revolclutch.com\/tr\/wp-json\/wp\/v2\/model?post=22515"},{"taxonomy":"referans-numarasi","embeddable":true,"href":"https:\/\/revolclutch.com\/tr\/wp-json\/wp\/v2\/referans-numarasi?post=22515"},{"taxonomy":"uretici","embeddable":true,"href":"https:\/\/revolclutch.com\/tr\/wp-json\/wp\/v2\/uretici?post=22515"},{"taxonomy":"product_brand","embeddable":true,"href":"https:\/\/revolclutch.com\/tr\/wp-json\/wp\/v2\/product_brand?post=22515"},{"taxonomy":"product_cat","embeddable":true,"href":"https:\/\/revolclutch.com\/tr\/wp-json\/wp\/v2\/product_cat?post=22515"},{"taxonomy":"product_tag","embeddable":true,"href":"https:\/\/revolclutch.com\/tr\/wp-json\/wp\/v2\/product_tag?post=22515"}],"curies":[{"name":"wp","href":"https:\/\/api.w.org\/{rel}","templated":true}]}}