{"id":22519,"date":"2024-08-15T14:33:06","date_gmt":"2024-08-15T14:33:06","guid":{"rendered":"https:\/\/revolclutch.com\/product\/er0942\/"},"modified":"2024-08-15T14:33:06","modified_gmt":"2024-08-15T14:33:06","slug":"er0942","status":"publish","type":"product","link":"https:\/\/revolclutch.com\/tr\/product\/er0942\/","title":{"rendered":"ER0942"},"content":{"rendered":"<p><strong>Di\u015f \u00d6l\u00e7\u00fcs\u00fc: :  <\/strong> M26x1.5 RHT <\/p>\n<p><strong>Konik:  \u00d8S\/\u00d8B (mm): <\/strong> 27,1\/30 <\/p>\n<p><strong>Uzunluk:  (mm): <\/strong> 90mm <\/p>\n","protected":false},"excerpt":{"rendered":"<p>: M26x1.5 RHT \u00d8S\/\u00d8B (mm): 27,1\/30 (mm): 90mm<\/p>\n","protected":false},"featured_media":10461,"comment_status":"closed","ping_status":"open","template":"","meta":{"_acf_changed":false},"marka":[20560],"model":[27855,26392,39315,27857,39316],"referans-numarasi":[39317,39318,39319,39320,39321,39322,39323,39324,39325,39326,39327],"uretici":[15114,15157,20570,15286,15117],"product_brand":[],"product_cat":[22138],"product_tag":[],"class_list":{"0":"post-22519","1":"product","2":"type-product","3":"status-publish","4":"has-post-thumbnail","6":"marka-egerot-tr","7":"model-g-tr","8":"model-k-tr","9":"model-n-city-wide-irizar-pb-centtury-omniexpres-omnilink-4-series-4-series-bus-p-tr","10":"model-r-tr","11":"model-t-series-touring-setra-series-400-tr","12":"referans-numarasi-0014606948-tr","13":"referans-numarasi-1394444-tr","14":"referans-numarasi-2653488-tr","15":"referans-numarasi-42533101-tr","16":"referans-numarasi-5001849880-tr","17":"referans-numarasi-81953016281-tr","18":"referans-numarasi-81953016337-tr","19":"referans-numarasi-81953016398-tr","20":"referans-numarasi-81953016404-tr","21":"referans-numarasi-82953016016-tr","22":"referans-numarasi-a0014606948-tr","23":"uretici-iveco-tr","24":"uretici-man-tr","25":"uretici-mercedes-tr","26":"uretici-renault-tr","27":"uretici-scania-tr","28":"product_cat-rot-basi","30":"first","31":"instock","32":"product-type-simple"},"acf":[],"_links":{"self":[{"href":"https:\/\/revolclutch.com\/tr\/wp-json\/wp\/v2\/product\/22519","targetHints":{"allow":["GET"]}}],"collection":[{"href":"https:\/\/revolclutch.com\/tr\/wp-json\/wp\/v2\/product"}],"about":[{"href":"https:\/\/revolclutch.com\/tr\/wp-json\/wp\/v2\/types\/product"}],"replies":[{"embeddable":true,"href":"https:\/\/revolclutch.com\/tr\/wp-json\/wp\/v2\/comments?post=22519"}],"wp:featuredmedia":[{"embeddable":true,"href":"https:\/\/revolclutch.com\/tr\/wp-json\/wp\/v2\/media\/10461"}],"wp:attachment":[{"href":"https:\/\/revolclutch.com\/tr\/wp-json\/wp\/v2\/media?parent=22519"}],"wp:term":[{"taxonomy":"marka","embeddable":true,"href":"https:\/\/revolclutch.com\/tr\/wp-json\/wp\/v2\/marka?post=22519"},{"taxonomy":"model","embeddable":true,"href":"https:\/\/revolclutch.com\/tr\/wp-json\/wp\/v2\/model?post=22519"},{"taxonomy":"referans-numarasi","embeddable":true,"href":"https:\/\/revolclutch.com\/tr\/wp-json\/wp\/v2\/referans-numarasi?post=22519"},{"taxonomy":"uretici","embeddable":true,"href":"https:\/\/revolclutch.com\/tr\/wp-json\/wp\/v2\/uretici?post=22519"},{"taxonomy":"product_brand","embeddable":true,"href":"https:\/\/revolclutch.com\/tr\/wp-json\/wp\/v2\/product_brand?post=22519"},{"taxonomy":"product_cat","embeddable":true,"href":"https:\/\/revolclutch.com\/tr\/wp-json\/wp\/v2\/product_cat?post=22519"},{"taxonomy":"product_tag","embeddable":true,"href":"https:\/\/revolclutch.com\/tr\/wp-json\/wp\/v2\/product_tag?post=22519"}],"curies":[{"name":"wp","href":"https:\/\/api.w.org\/{rel}","templated":true}]}}