{"id":23135,"date":"2024-08-15T14:30:09","date_gmt":"2024-08-15T14:30:09","guid":{"rendered":"https:\/\/revolclutch.com\/product\/er0593\/"},"modified":"2024-08-15T14:30:09","modified_gmt":"2024-08-15T14:30:09","slug":"er0593","status":"publish","type":"product","link":"https:\/\/revolclutch.com\/tr\/product\/er0593\/","title":{"rendered":"ER0593"},"content":{"rendered":"<p><strong>Di\u015f \u00d6l\u00e7\u00fcs\u00fc: :  <\/strong> M30x1.5 RHT <\/p>\n<p><strong>Konik:  \u00d8S\/\u00d8B (mm): <\/strong> 27,1\/30 <\/p>\n<p><strong>Uzunluk:  (mm): <\/strong> 145mm <\/p>\n","protected":false},"excerpt":{"rendered":"<p>: M30x1.5 RHT \u00d8S\/\u00d8B (mm): 27,1\/30 (mm): 145mm<\/p>\n","protected":false},"featured_media":9729,"comment_status":"closed","ping_status":"open","template":"","meta":{"_acf_changed":false},"marka":[20560],"model":[28021,19834,27855,26786,27857,27858,41732,35660],"referans-numarasi":[41733,41734,41735,41736,41737,41738,41739,41740,41741,41742,41743],"uretici":[15325,15326,18670,15157,20570,15286,15117,15954],"product_brand":[],"product_cat":[22138],"product_tag":[],"class_list":{"0":"post-23135","1":"product","2":"type-product","3":"status-publish","4":"has-post-thumbnail","6":"marka-egerot-tr","7":"model-4-series-p-tr","8":"model-fh16-euro-6-650-700-750-tr","9":"model-g-tr","10":"model-h476-3238-tr","11":"model-r-tr","12":"model-t-series-tr","13":"model-tga-tgm-nu-tgs-tgx-tr","14":"model-trucks-tr","15":"referans-numarasi-0004605248-tr","16":"referans-numarasi-1357674-tr","17":"referans-numarasi-1603883-tr","18":"referans-numarasi-1738379-tr","19":"referans-numarasi-20894438-tr","20":"referans-numarasi-41149875-tr","21":"referans-numarasi-5001852452-tr","22":"referans-numarasi-5001858763-tr","23":"referans-numarasi-7420894438-tr","24":"referans-numarasi-81953016288-tr","25":"referans-numarasi-dc463a130la-tr","26":"uretici-bova-tr","27":"uretici-daf-tr","28":"uretici-ford-tr","29":"uretici-man-tr","30":"uretici-mercedes-tr","31":"uretici-renault-tr","32":"uretici-scania-tr","33":"uretici-volvo-tr","34":"product_cat-rot-basi","36":"first","37":"instock","38":"product-type-simple"},"acf":[],"_links":{"self":[{"href":"https:\/\/revolclutch.com\/tr\/wp-json\/wp\/v2\/product\/23135","targetHints":{"allow":["GET"]}}],"collection":[{"href":"https:\/\/revolclutch.com\/tr\/wp-json\/wp\/v2\/product"}],"about":[{"href":"https:\/\/revolclutch.com\/tr\/wp-json\/wp\/v2\/types\/product"}],"replies":[{"embeddable":true,"href":"https:\/\/revolclutch.com\/tr\/wp-json\/wp\/v2\/comments?post=23135"}],"wp:featuredmedia":[{"embeddable":true,"href":"https:\/\/revolclutch.com\/tr\/wp-json\/wp\/v2\/media\/9729"}],"wp:attachment":[{"href":"https:\/\/revolclutch.com\/tr\/wp-json\/wp\/v2\/media?parent=23135"}],"wp:term":[{"taxonomy":"marka","embeddable":true,"href":"https:\/\/revolclutch.com\/tr\/wp-json\/wp\/v2\/marka?post=23135"},{"taxonomy":"model","embeddable":true,"href":"https:\/\/revolclutch.com\/tr\/wp-json\/wp\/v2\/model?post=23135"},{"taxonomy":"referans-numarasi","embeddable":true,"href":"https:\/\/revolclutch.com\/tr\/wp-json\/wp\/v2\/referans-numarasi?post=23135"},{"taxonomy":"uretici","embeddable":true,"href":"https:\/\/revolclutch.com\/tr\/wp-json\/wp\/v2\/uretici?post=23135"},{"taxonomy":"product_brand","embeddable":true,"href":"https:\/\/revolclutch.com\/tr\/wp-json\/wp\/v2\/product_brand?post=23135"},{"taxonomy":"product_cat","embeddable":true,"href":"https:\/\/revolclutch.com\/tr\/wp-json\/wp\/v2\/product_cat?post=23135"},{"taxonomy":"product_tag","embeddable":true,"href":"https:\/\/revolclutch.com\/tr\/wp-json\/wp\/v2\/product_tag?post=23135"}],"curies":[{"name":"wp","href":"https:\/\/api.w.org\/{rel}","templated":true}]}}