{"id":23331,"date":"2024-08-15T14:29:32","date_gmt":"2024-08-15T14:29:32","guid":{"rendered":"https:\/\/revolclutch.com\/product\/er0470\/"},"modified":"2024-08-15T14:29:32","modified_gmt":"2024-08-15T14:29:32","slug":"er0470","status":"publish","type":"product","link":"https:\/\/revolclutch.com\/tr\/product\/er0470\/","title":{"rendered":"ER0470"},"content":{"rendered":"<p><strong>Di\u015f \u00d6l\u00e7\u00fcs\u00fc: :  <\/strong> M26x1.5 RHT <\/p>\n<p><strong>Konik:  \u00d8S\/\u00d8B (mm): <\/strong> 27,1\/30 <\/p>\n<p><strong>Uzunluk:  (mm): <\/strong> 96mm <\/p>\n","protected":false},"excerpt":{"rendered":"<p>: M26x1.5 RHT \u00d8S\/\u00d8B (mm): 27,1\/30 (mm): 96mm<\/p>\n","protected":false},"featured_media":9537,"comment_status":"closed","ping_status":"open","template":"","meta":{"_acf_changed":false},"marka":[20560],"model":[39953,42561,42562,27855,27857,27858],"referans-numarasi":[42563,42564,42565,42566,42567,42568,42569,42570,42571],"uretici":[15157,20570,15117,19522,15954],"product_brand":[],"product_cat":[22138],"product_tag":[],"class_list":{"0":"post-23331","1":"product","2":"type-product","3":"status-publish","4":"has-post-thumbnail","6":"marka-egerot-tr","7":"model-4-series-124g-p-tr","8":"model-actros-2531-2557-2631-2665-atego-1823-1929-2223-2530-axor-2523-2543-2623-2831-4050-4850-tr","9":"model-f16-fl10-nl12-s-tr","10":"model-g-tr","11":"model-r-tr","12":"model-t-series-tr","13":"referans-numarasi-0004604948-tr","14":"referans-numarasi-0004634629-tr","15":"referans-numarasi-0024600948-tr","16":"referans-numarasi-1375228-tr","17":"referans-numarasi-1605300331-tr","18":"referans-numarasi-1606980-tr","19":"referans-numarasi-1912759-tr","20":"referans-numarasi-81953016071-tr","21":"referans-numarasi-81953016095-tr","22":"uretici-man-tr","23":"uretici-mercedes-tr","24":"uretici-scania-tr","25":"uretici-sisu-tr","26":"uretici-volvo-tr","27":"product_cat-rot-basi","29":"first","30":"instock","31":"product-type-simple"},"acf":[],"_links":{"self":[{"href":"https:\/\/revolclutch.com\/tr\/wp-json\/wp\/v2\/product\/23331","targetHints":{"allow":["GET"]}}],"collection":[{"href":"https:\/\/revolclutch.com\/tr\/wp-json\/wp\/v2\/product"}],"about":[{"href":"https:\/\/revolclutch.com\/tr\/wp-json\/wp\/v2\/types\/product"}],"replies":[{"embeddable":true,"href":"https:\/\/revolclutch.com\/tr\/wp-json\/wp\/v2\/comments?post=23331"}],"wp:featuredmedia":[{"embeddable":true,"href":"https:\/\/revolclutch.com\/tr\/wp-json\/wp\/v2\/media\/9537"}],"wp:attachment":[{"href":"https:\/\/revolclutch.com\/tr\/wp-json\/wp\/v2\/media?parent=23331"}],"wp:term":[{"taxonomy":"marka","embeddable":true,"href":"https:\/\/revolclutch.com\/tr\/wp-json\/wp\/v2\/marka?post=23331"},{"taxonomy":"model","embeddable":true,"href":"https:\/\/revolclutch.com\/tr\/wp-json\/wp\/v2\/model?post=23331"},{"taxonomy":"referans-numarasi","embeddable":true,"href":"https:\/\/revolclutch.com\/tr\/wp-json\/wp\/v2\/referans-numarasi?post=23331"},{"taxonomy":"uretici","embeddable":true,"href":"https:\/\/revolclutch.com\/tr\/wp-json\/wp\/v2\/uretici?post=23331"},{"taxonomy":"product_brand","embeddable":true,"href":"https:\/\/revolclutch.com\/tr\/wp-json\/wp\/v2\/product_brand?post=23331"},{"taxonomy":"product_cat","embeddable":true,"href":"https:\/\/revolclutch.com\/tr\/wp-json\/wp\/v2\/product_cat?post=23331"},{"taxonomy":"product_tag","embeddable":true,"href":"https:\/\/revolclutch.com\/tr\/wp-json\/wp\/v2\/product_tag?post=23331"}],"curies":[{"name":"wp","href":"https:\/\/api.w.org\/{rel}","templated":true}]}}