{"id":23443,"date":"2024-08-15T14:28:58","date_gmt":"2024-08-15T14:28:58","guid":{"rendered":"https:\/\/revolclutch.com\/product\/er0419\/"},"modified":"2024-08-15T14:28:58","modified_gmt":"2024-08-15T14:28:58","slug":"er0419","status":"publish","type":"product","link":"https:\/\/revolclutch.com\/tr\/product\/er0419\/","title":{"rendered":"ER0419"},"content":{"rendered":"<p><strong>Di\u015f \u00d6l\u00e7\u00fcs\u00fc: :  <\/strong> M30x1.5 RHT <\/p>\n<p><strong>Konik:  \u00d8S\/\u00d8B (mm): <\/strong> 23,5\/26 <\/p>\n<p><strong>Uzunluk:  (mm): <\/strong> 150mm <\/p>\n","protected":false},"excerpt":{"rendered":"<p>: M30x1.5 RHT \u00d8S\/\u00d8B (mm): 23,5\/26 (mm): 150mm<\/p>\n","protected":false},"featured_media":9425,"comment_status":"closed","ping_status":"open","template":"","meta":{"_acf_changed":false},"marka":[20560],"model":[42938,42939,19834,24922,40888,28111,27273,28131,42940,26193],"referans-numarasi":[42941,42942,42943,42944,42945,42946,42947],"uretici":[15326,18670,15629,15157,15954],"product_brand":[],"product_cat":[22138],"product_tag":[],"class_list":{"0":"post-23443","1":"product","2":"type-product","3":"status-publish","4":"has-post-thumbnail","6":"marka-egerot-tr","7":"model-95-ft-xf-tr","8":"model-cargo-1814-tr","9":"model-fh16-euro-6-650-700-750-tr","10":"model-fl6-tr","11":"model-l2000-tr","12":"model-m2000-tr","13":"model-m90-tr","14":"model-ng-tr","15":"model-nl-tr","16":"model-tgm-tr","17":"referans-numarasi-10220897-tr","18":"referans-numarasi-1320855-tr","19":"referans-numarasi-1342026-tr","20":"referans-numarasi-3093714-tr","21":"referans-numarasi-81953016236-tr","22":"referans-numarasi-81953016331-tr","23":"referans-numarasi-81db3289ra-tr","24":"uretici-daf-tr","25":"uretici-ford-tr","26":"uretici-liebherr-tr","27":"uretici-man-tr","28":"uretici-volvo-tr","29":"product_cat-rot-basi","31":"first","32":"instock","33":"product-type-simple"},"acf":[],"_links":{"self":[{"href":"https:\/\/revolclutch.com\/tr\/wp-json\/wp\/v2\/product\/23443","targetHints":{"allow":["GET"]}}],"collection":[{"href":"https:\/\/revolclutch.com\/tr\/wp-json\/wp\/v2\/product"}],"about":[{"href":"https:\/\/revolclutch.com\/tr\/wp-json\/wp\/v2\/types\/product"}],"replies":[{"embeddable":true,"href":"https:\/\/revolclutch.com\/tr\/wp-json\/wp\/v2\/comments?post=23443"}],"wp:featuredmedia":[{"embeddable":true,"href":"https:\/\/revolclutch.com\/tr\/wp-json\/wp\/v2\/media\/9425"}],"wp:attachment":[{"href":"https:\/\/revolclutch.com\/tr\/wp-json\/wp\/v2\/media?parent=23443"}],"wp:term":[{"taxonomy":"marka","embeddable":true,"href":"https:\/\/revolclutch.com\/tr\/wp-json\/wp\/v2\/marka?post=23443"},{"taxonomy":"model","embeddable":true,"href":"https:\/\/revolclutch.com\/tr\/wp-json\/wp\/v2\/model?post=23443"},{"taxonomy":"referans-numarasi","embeddable":true,"href":"https:\/\/revolclutch.com\/tr\/wp-json\/wp\/v2\/referans-numarasi?post=23443"},{"taxonomy":"uretici","embeddable":true,"href":"https:\/\/revolclutch.com\/tr\/wp-json\/wp\/v2\/uretici?post=23443"},{"taxonomy":"product_brand","embeddable":true,"href":"https:\/\/revolclutch.com\/tr\/wp-json\/wp\/v2\/product_brand?post=23443"},{"taxonomy":"product_cat","embeddable":true,"href":"https:\/\/revolclutch.com\/tr\/wp-json\/wp\/v2\/product_cat?post=23443"},{"taxonomy":"product_tag","embeddable":true,"href":"https:\/\/revolclutch.com\/tr\/wp-json\/wp\/v2\/product_tag?post=23443"}],"curies":[{"name":"wp","href":"https:\/\/api.w.org\/{rel}","templated":true}]}}