{"id":24335,"date":"2024-08-15T14:25:47","date_gmt":"2024-08-15T14:25:47","guid":{"rendered":"https:\/\/revolclutch.com\/product\/er0130\/"},"modified":"2024-08-15T14:25:47","modified_gmt":"2024-08-15T14:25:47","slug":"er0130","status":"publish","type":"product","link":"https:\/\/revolclutch.com\/tr\/product\/er0130\/","title":{"rendered":"ER0130"},"content":{"rendered":"<p><strong>Di\u015f \u00d6l\u00e7\u00fcs\u00fc: :  <\/strong> M22x1.5 RHT <\/p>\n<p><strong>Konik:  \u00d8S\/\u00d8B (mm): <\/strong> 16,2\/18 <\/p>\n<p><strong>Uzunluk:  (mm): <\/strong> 95mm <\/p>\n","protected":false},"excerpt":{"rendered":"<p>: M22x1.5 RHT \u00d8S\/\u00d8B (mm): 16,2\/18 (mm): 95mm<\/p>\n","protected":false},"featured_media":8537,"comment_status":"closed","ping_status":"open","template":"","meta":{"_acf_changed":false},"marka":[20560],"model":[46156,46157,46089,46158,35660],"referans-numarasi":[46159,46160,46161,46162,46163,46164,46165,46166,46167,46168,46169,46170,46171,46172,46092,46173,46174,46175],"uretici":[27684,16792,15157,20570,17722,15286],"product_brand":[],"product_cat":[22138],"product_tag":[],"class_list":{"0":"post-24335","1":"product","2":"type-product","3":"status-publish","4":"has-post-thumbnail","6":"marka-egerot-tr","7":"model-400-500-500-600-600-700-700-800-900-1100-tr","8":"model-agriculture-3-5-series-tr","9":"model-fb-112-tr","10":"model-t2-l-408-406-608-508-409-flatbed-t1-bus-601-ng-2028-2233-1936-2636-3528-sk-4050-4080-2644-2635-2631-2638-2024-tr","11":"model-trucks-tr","12":"referans-numarasi-0003305035-tr","13":"referans-numarasi-0003384923-tr","14":"referans-numarasi-0004602148-tr","15":"referans-numarasi-0004604148-tr","16":"referans-numarasi-0004604548-tr","17":"referans-numarasi-0004608548-tr","18":"referans-numarasi-112003600-tr","19":"referans-numarasi-3103300435-tr","20":"referans-numarasi-3103300835-tr","21":"referans-numarasi-3103301335-tr","22":"referans-numarasi-3141530r91-tr","23":"referans-numarasi-45460a0330-tr","24":"referans-numarasi-485129x200-tr","25":"referans-numarasi-485139x200-tr","26":"referans-numarasi-485279x62a-tr","27":"referans-numarasi-5010836801-tr","28":"referans-numarasi-6000198854-tr","29":"referans-numarasi-82953016004-tr","30":"uretici-case-ih-tr","31":"uretici-hino-tr","32":"uretici-man-tr","33":"uretici-mercedes-tr","34":"uretici-nissan-tr","35":"uretici-renault-tr","36":"product_cat-rot-basi","38":"first","39":"instock","40":"product-type-simple"},"acf":[],"_links":{"self":[{"href":"https:\/\/revolclutch.com\/tr\/wp-json\/wp\/v2\/product\/24335","targetHints":{"allow":["GET"]}}],"collection":[{"href":"https:\/\/revolclutch.com\/tr\/wp-json\/wp\/v2\/product"}],"about":[{"href":"https:\/\/revolclutch.com\/tr\/wp-json\/wp\/v2\/types\/product"}],"replies":[{"embeddable":true,"href":"https:\/\/revolclutch.com\/tr\/wp-json\/wp\/v2\/comments?post=24335"}],"wp:featuredmedia":[{"embeddable":true,"href":"https:\/\/revolclutch.com\/tr\/wp-json\/wp\/v2\/media\/8537"}],"wp:attachment":[{"href":"https:\/\/revolclutch.com\/tr\/wp-json\/wp\/v2\/media?parent=24335"}],"wp:term":[{"taxonomy":"marka","embeddable":true,"href":"https:\/\/revolclutch.com\/tr\/wp-json\/wp\/v2\/marka?post=24335"},{"taxonomy":"model","embeddable":true,"href":"https:\/\/revolclutch.com\/tr\/wp-json\/wp\/v2\/model?post=24335"},{"taxonomy":"referans-numarasi","embeddable":true,"href":"https:\/\/revolclutch.com\/tr\/wp-json\/wp\/v2\/referans-numarasi?post=24335"},{"taxonomy":"uretici","embeddable":true,"href":"https:\/\/revolclutch.com\/tr\/wp-json\/wp\/v2\/uretici?post=24335"},{"taxonomy":"product_brand","embeddable":true,"href":"https:\/\/revolclutch.com\/tr\/wp-json\/wp\/v2\/product_brand?post=24335"},{"taxonomy":"product_cat","embeddable":true,"href":"https:\/\/revolclutch.com\/tr\/wp-json\/wp\/v2\/product_cat?post=24335"},{"taxonomy":"product_tag","embeddable":true,"href":"https:\/\/revolclutch.com\/tr\/wp-json\/wp\/v2\/product_tag?post=24335"}],"curies":[{"name":"wp","href":"https:\/\/api.w.org\/{rel}","templated":true}]}}