{"id":24461,"date":"2024-08-15T14:25:25","date_gmt":"2024-08-15T14:25:25","guid":{"rendered":"https:\/\/revolclutch.com\/product\/er0093\/"},"modified":"2024-08-15T14:25:25","modified_gmt":"2024-08-15T14:25:25","slug":"er0093","status":"publish","type":"product","link":"https:\/\/revolclutch.com\/tr\/product\/er0093\/","title":{"rendered":"ER0093"},"content":{"rendered":"<p><strong>Di\u015f \u00d6l\u00e7\u00fcs\u00fc: :  <\/strong> M24x1.5 LHT <\/p>\n<p><strong>Konik:  \u00d8S\/\u00d8B (mm): <\/strong> 18\/20 <\/p>\n<p><strong>Uzunluk:  (mm): <\/strong> 100mm <\/p>\n","protected":false},"excerpt":{"rendered":"<p>: M24x1.5 LHT \u00d8S\/\u00d8B (mm): 18\/20 (mm): 100mm<\/p>\n","protected":false},"featured_media":8409,"comment_status":"closed","ping_status":"open","template":"","meta":{"_acf_changed":false},"marka":[20560],"model":[47124,47125,47126,40888,47127],"referans-numarasi":[47128,47129,47130,47131,47132,47133,47134,47135,47136,47137,47138,47139,47140,47141,47142,47143,47144,47145],"uretici":[15114,15157,20570,15286,15954],"product_brand":[],"product_cat":[22138],"product_tag":[],"class_list":{"0":"post-24461","1":"product","2":"type-product","3":"status-publish","4":"has-post-thumbnail","6":"marka-egerot-tr","7":"model-75-9-80-9-tr","8":"model-b70-b90-gamma-range-tr","9":"model-fl-4-fl408-tr","10":"model-l2000-tr","11":"model-lk-ln2-ng-t2-ln2-lp-ng-tr","12":"referans-numarasi-0003300235-tr","13":"referans-numarasi-0003300735-tr","14":"referans-numarasi-0003306835-tr","15":"referans-numarasi-0003308635-tr","16":"referans-numarasi-0003308835-tr","17":"referans-numarasi-1517448-tr","18":"referans-numarasi-42480023-tr","19":"referans-numarasi-42532543-tr","20":"referans-numarasi-5000807553-tr","21":"referans-numarasi-5000814096-tr","22":"referans-numarasi-5001844135-tr","23":"referans-numarasi-5001860124-tr","24":"referans-numarasi-5001860769-tr","25":"referans-numarasi-8193649-tr","26":"referans-numarasi-81953010078-tr","27":"referans-numarasi-81953016141-tr","28":"referans-numarasi-81953016304-tr","29":"referans-numarasi-81953016322-tr","30":"uretici-iveco-tr","31":"uretici-man-tr","32":"uretici-mercedes-tr","33":"uretici-renault-tr","34":"uretici-volvo-tr","35":"product_cat-rot-basi","37":"first","38":"instock","39":"product-type-simple"},"acf":[],"_links":{"self":[{"href":"https:\/\/revolclutch.com\/tr\/wp-json\/wp\/v2\/product\/24461","targetHints":{"allow":["GET"]}}],"collection":[{"href":"https:\/\/revolclutch.com\/tr\/wp-json\/wp\/v2\/product"}],"about":[{"href":"https:\/\/revolclutch.com\/tr\/wp-json\/wp\/v2\/types\/product"}],"replies":[{"embeddable":true,"href":"https:\/\/revolclutch.com\/tr\/wp-json\/wp\/v2\/comments?post=24461"}],"wp:featuredmedia":[{"embeddable":true,"href":"https:\/\/revolclutch.com\/tr\/wp-json\/wp\/v2\/media\/8409"}],"wp:attachment":[{"href":"https:\/\/revolclutch.com\/tr\/wp-json\/wp\/v2\/media?parent=24461"}],"wp:term":[{"taxonomy":"marka","embeddable":true,"href":"https:\/\/revolclutch.com\/tr\/wp-json\/wp\/v2\/marka?post=24461"},{"taxonomy":"model","embeddable":true,"href":"https:\/\/revolclutch.com\/tr\/wp-json\/wp\/v2\/model?post=24461"},{"taxonomy":"referans-numarasi","embeddable":true,"href":"https:\/\/revolclutch.com\/tr\/wp-json\/wp\/v2\/referans-numarasi?post=24461"},{"taxonomy":"uretici","embeddable":true,"href":"https:\/\/revolclutch.com\/tr\/wp-json\/wp\/v2\/uretici?post=24461"},{"taxonomy":"product_brand","embeddable":true,"href":"https:\/\/revolclutch.com\/tr\/wp-json\/wp\/v2\/product_brand?post=24461"},{"taxonomy":"product_cat","embeddable":true,"href":"https:\/\/revolclutch.com\/tr\/wp-json\/wp\/v2\/product_cat?post=24461"},{"taxonomy":"product_tag","embeddable":true,"href":"https:\/\/revolclutch.com\/tr\/wp-json\/wp\/v2\/product_tag?post=24461"}],"curies":[{"name":"wp","href":"https:\/\/api.w.org\/{rel}","templated":true}]}}