{"id":24871,"date":"2024-08-15T14:25:47","date_gmt":"2024-08-15T14:25:47","guid":{"rendered":"https:\/\/revolclutch.com\/product\/er0119\/"},"modified":"2024-08-15T14:25:47","modified_gmt":"2024-08-15T14:25:47","slug":"er0119","status":"publish","type":"product","link":"https:\/\/revolclutch.com\/tr\/product\/er0119\/","title":{"rendered":"ER0119"},"content":{"rendered":"<p><strong>Di\u015f \u00d6l\u00e7\u00fcs\u00fc: :  <\/strong> M30x1.5 RHT <\/p>\n<p><strong>Konik:  \u00d8S\/\u00d8B (mm): <\/strong> 23,5\/26 <\/p>\n<p><strong>Uzunluk:  (mm): <\/strong> 125mm <\/p>\n","protected":false},"excerpt":{"rendered":"<p>: M30x1.5 RHT \u00d8S\/\u00d8B (mm): 23,5\/26 (mm): 125mm<\/p>\n","protected":false},"featured_media":8497,"comment_status":"closed","ping_status":"open","template":"","meta":{"_acf_changed":false},"marka":[20560],"model":[49490,19834,49491,29202],"referans-numarasi":[49492,49493,49494,49495,49496,49497,49498,49499,49500,49501,49502,49503,49504,49505,49506,49507,49508,49509,49510,49511,49512],"uretici":[15326,15623,16496,15114,15626,15157,20570,15286],"product_brand":[],"product_cat":[22138],"product_tag":[],"class_list":{"0":"post-24871","1":"product","2":"type-product","3":"status-publish","4":"has-post-thumbnail","6":"marka-egerot-tr","7":"model-f1600-tr","8":"model-fh16-euro-6-650-700-750-tr","9":"model-ng-lk-ln2-o-405-sk-tr","10":"model-setra-tr","11":"referans-numarasi-0004600148-tr","12":"referans-numarasi-0004602648-tr","13":"referans-numarasi-0004602748-tr","14":"referans-numarasi-0014607448-tr","15":"referans-numarasi-0069867-tr","16":"referans-numarasi-0161376-tr","17":"referans-numarasi-1142173-tr","18":"referans-numarasi-1195343-tr","19":"referans-numarasi-2980875-tr","20":"referans-numarasi-5000808458-tr","21":"referans-numarasi-608000-tr","22":"referans-numarasi-6851447000-tr","23":"referans-numarasi-6851478000-tr","24":"referans-numarasi-6851486000-tr","25":"referans-numarasi-6851488000-tr","26":"referans-numarasi-6851523000-tr","27":"referans-numarasi-6851533000-tr","28":"referans-numarasi-7701002911-tr","29":"referans-numarasi-81953010025-tr","30":"referans-numarasi-8408396-tr","31":"referans-numarasi-90804154117-tr","32":"uretici-daf-tr","33":"uretici-evobus-tr","34":"uretici-faun-tr","35":"uretici-iveco-tr","36":"uretici-kassbohrer-tr","37":"uretici-man-tr","38":"uretici-mercedes-tr","39":"uretici-renault-tr","40":"product_cat-rot-basi","42":"first","43":"instock","44":"product-type-simple"},"acf":[],"_links":{"self":[{"href":"https:\/\/revolclutch.com\/tr\/wp-json\/wp\/v2\/product\/24871","targetHints":{"allow":["GET"]}}],"collection":[{"href":"https:\/\/revolclutch.com\/tr\/wp-json\/wp\/v2\/product"}],"about":[{"href":"https:\/\/revolclutch.com\/tr\/wp-json\/wp\/v2\/types\/product"}],"replies":[{"embeddable":true,"href":"https:\/\/revolclutch.com\/tr\/wp-json\/wp\/v2\/comments?post=24871"}],"wp:featuredmedia":[{"embeddable":true,"href":"https:\/\/revolclutch.com\/tr\/wp-json\/wp\/v2\/media\/8497"}],"wp:attachment":[{"href":"https:\/\/revolclutch.com\/tr\/wp-json\/wp\/v2\/media?parent=24871"}],"wp:term":[{"taxonomy":"marka","embeddable":true,"href":"https:\/\/revolclutch.com\/tr\/wp-json\/wp\/v2\/marka?post=24871"},{"taxonomy":"model","embeddable":true,"href":"https:\/\/revolclutch.com\/tr\/wp-json\/wp\/v2\/model?post=24871"},{"taxonomy":"referans-numarasi","embeddable":true,"href":"https:\/\/revolclutch.com\/tr\/wp-json\/wp\/v2\/referans-numarasi?post=24871"},{"taxonomy":"uretici","embeddable":true,"href":"https:\/\/revolclutch.com\/tr\/wp-json\/wp\/v2\/uretici?post=24871"},{"taxonomy":"product_brand","embeddable":true,"href":"https:\/\/revolclutch.com\/tr\/wp-json\/wp\/v2\/product_brand?post=24871"},{"taxonomy":"product_cat","embeddable":true,"href":"https:\/\/revolclutch.com\/tr\/wp-json\/wp\/v2\/product_cat?post=24871"},{"taxonomy":"product_tag","embeddable":true,"href":"https:\/\/revolclutch.com\/tr\/wp-json\/wp\/v2\/product_tag?post=24871"}],"curies":[{"name":"wp","href":"https:\/\/api.w.org\/{rel}","templated":true}]}}