{"id":24874,"date":"2024-08-15T14:24:12","date_gmt":"2024-08-15T14:24:12","guid":{"rendered":"https:\/\/revolclutch.com\/product\/er0033\/"},"modified":"2024-11-07T10:48:58","modified_gmt":"2024-11-07T10:48:58","slug":"er0033","status":"publish","type":"product","link":"https:\/\/revolclutch.com\/tr\/product\/er0033\/","title":{"rendered":"ER0033"},"content":{"rendered":"<p><strong>Di\u015f \u00d6l\u00e7\u00fcs\u00fc: :  <\/strong> M28x1.5 RHT <\/p>\n<p><strong>Konik:  \u00d8S\/\u00d8B (mm): <\/strong> 19,9\/22 <\/p>\n<p><strong>Uzunluk:  (mm): <\/strong> 105mm <\/p>\n","protected":false},"excerpt":{"rendered":"<p>: M28x1.5 RHT \u00d8S\/\u00d8B (mm): 19,9\/22 (mm): 105mm<\/p>\n","protected":false},"featured_media":8221,"comment_status":"closed","ping_status":"open","template":"","meta":{"_acf_changed":false},"marka":[20560],"model":[48123,49636,48124,48125,48126,49551],"referans-numarasi":[49637,49638,49639,49640,49641,49642,49643,49644,49645,49646,49647,37922,49648,49649,49650,49651,49652,49653,49654,49655,49656,49657,49658,49659,49660,49661,49662,49663,49664,49665,49666,49995,49996,49997,49998,37923,49999,50000,50001,50002,50003,50004,50005,50006,50007,50008,50009,50010,50011,50012],"uretici":[27684,50013,15326,15622,15114,27687,15626,50014,15157,32739,20570,15286,15954],"product_brand":[],"product_cat":[22138],"product_tag":[],"class_list":{"0":"post-24874","1":"product","2":"type-product","3":"status-publish","4":"has-post-thumbnail","6":"marka-egerot-tr","7":"model-45-f1200-1700-1900-tr","8":"model-agriculture-tr","9":"model-f-6-f609-f611-f613-f614-fl-4-fl408-tr","10":"model-l2000-g90-m2000-tr","11":"model-lk-ln2-ng-t2-ln1-sk-vario-tr","12":"model-midliner-m-150-180-210-230-250-midliner-s-150-180-210-tr","13":"referans-numarasi-0003301435-tr","14":"referans-numarasi-0003301535-tr","15":"referans-numarasi-0003307135-tr","16":"referans-numarasi-0003309335-tr","17":"referans-numarasi-0003309535-tr","18":"referans-numarasi-0003381545-tr","19":"referans-numarasi-0003382129-tr","20":"referans-numarasi-0003383629-tr","21":"referans-numarasi-0003406242-tr","22":"referans-numarasi-0023301135-tr","23":"referans-numarasi-0110197-tr","24":"referans-numarasi-02981461-tr","25":"referans-numarasi-0607451-tr","26":"referans-numarasi-0607453-tr","27":"referans-numarasi-11423290-tr","28":"referans-numarasi-1228114-tr","29":"referans-numarasi-1373135-tr","30":"referans-numarasi-1517440-tr","31":"referans-numarasi-1517444-tr","32":"referans-numarasi-1698191-tr","33":"referans-numarasi-1743554-tr","34":"referans-numarasi-2966319-tr","35":"referans-numarasi-2966321-tr","36":"referans-numarasi-2966635-tr","37":"referans-numarasi-2981461-tr","38":"referans-numarasi-3232877r91-tr","39":"referans-numarasi-3475946m91-tr","40":"referans-numarasi-3901825m91-tr","41":"referans-numarasi-42484886-tr","42":"referans-numarasi-4833825-tr","43":"referans-numarasi-5000559335-tr","44":"referans-numarasi-5000823987-tr","45":"referans-numarasi-5001825687-tr","46":"referans-numarasi-5001861924-tr","47":"referans-numarasi-656809-1-tr","48":"referans-numarasi-6851513000-tr","49":"referans-numarasi-7700654419-tr","50":"referans-numarasi-8193645-tr","51":"referans-numarasi-81953016060-tr","52":"referans-numarasi-81953016135-tr","53":"referans-numarasi-81953016240-tr","54":"referans-numarasi-81953016249-tr","55":"referans-numarasi-81953016298-tr","56":"referans-numarasi-81953016328-tr","57":"referans-numarasi-81953016358-tr","58":"referans-numarasi-85125136-tr","59":"referans-numarasi-8558533-tr","60":"referans-numarasi-8582322-tr","61":"referans-numarasi-acu9242-tr","62":"referans-numarasi-al63612-tr","63":"uretici-case-ih-tr","64":"uretici-claas-tr","65":"uretici-daf-tr","66":"uretici-dennis-tr","67":"uretici-iveco-tr","68":"uretici-john-deere-tr","69":"uretici-kassbohrer-tr","70":"uretici-magirus-tr","71":"uretici-man-tr","72":"uretici-massey-ferguson-tr","73":"uretici-mercedes-tr","74":"uretici-renault-tr","75":"uretici-volvo-tr","76":"product_cat-rot-basi","78":"first","79":"instock","80":"product-type-simple"},"acf":[],"_links":{"self":[{"href":"https:\/\/revolclutch.com\/tr\/wp-json\/wp\/v2\/product\/24874","targetHints":{"allow":["GET"]}}],"collection":[{"href":"https:\/\/revolclutch.com\/tr\/wp-json\/wp\/v2\/product"}],"about":[{"href":"https:\/\/revolclutch.com\/tr\/wp-json\/wp\/v2\/types\/product"}],"replies":[{"embeddable":true,"href":"https:\/\/revolclutch.com\/tr\/wp-json\/wp\/v2\/comments?post=24874"}],"wp:featuredmedia":[{"embeddable":true,"href":"https:\/\/revolclutch.com\/tr\/wp-json\/wp\/v2\/media\/8221"}],"wp:attachment":[{"href":"https:\/\/revolclutch.com\/tr\/wp-json\/wp\/v2\/media?parent=24874"}],"wp:term":[{"taxonomy":"marka","embeddable":true,"href":"https:\/\/revolclutch.com\/tr\/wp-json\/wp\/v2\/marka?post=24874"},{"taxonomy":"model","embeddable":true,"href":"https:\/\/revolclutch.com\/tr\/wp-json\/wp\/v2\/model?post=24874"},{"taxonomy":"referans-numarasi","embeddable":true,"href":"https:\/\/revolclutch.com\/tr\/wp-json\/wp\/v2\/referans-numarasi?post=24874"},{"taxonomy":"uretici","embeddable":true,"href":"https:\/\/revolclutch.com\/tr\/wp-json\/wp\/v2\/uretici?post=24874"},{"taxonomy":"product_brand","embeddable":true,"href":"https:\/\/revolclutch.com\/tr\/wp-json\/wp\/v2\/product_brand?post=24874"},{"taxonomy":"product_cat","embeddable":true,"href":"https:\/\/revolclutch.com\/tr\/wp-json\/wp\/v2\/product_cat?post=24874"},{"taxonomy":"product_tag","embeddable":true,"href":"https:\/\/revolclutch.com\/tr\/wp-json\/wp\/v2\/product_tag?post=24874"}],"curies":[{"name":"wp","href":"https:\/\/api.w.org\/{rel}","templated":true}]}}