{"id":24884,"date":"2024-08-15T14:24:46","date_gmt":"2024-08-15T14:24:46","guid":{"rendered":"https:\/\/revolclutch.com\/product\/er0037\/"},"modified":"2024-08-15T14:24:46","modified_gmt":"2024-08-15T14:24:46","slug":"er0037","status":"publish","type":"product","link":"https:\/\/revolclutch.com\/tr\/product\/er0037\/","title":{"rendered":"ER0037"},"content":{"rendered":"<p><strong>Di\u015f \u00d6l\u00e7\u00fcs\u00fc: :  <\/strong> M28x1.5 RHT <\/p>\n<p><strong>Konik:  \u00d8S\/\u00d8B (mm): <\/strong> 23,5\/26 <\/p>\n<p><strong>Uzunluk:  (mm): <\/strong> 115mm <\/p>\n","protected":false},"excerpt":{"rendered":"<p>: M28x1.5 RHT \u00d8S\/\u00d8B (mm): 23,5\/26 (mm): 115mm<\/p>\n","protected":false},"featured_media":8237,"comment_status":"closed","ping_status":"open","template":"","meta":{"_acf_changed":false},"marka":[20560],"model":[49775,49776],"referans-numarasi":[49800,49801,49802,49803,49804,49805],"uretici":[15326,15114],"product_brand":[],"product_cat":[22138],"product_tag":[],"class_list":{"0":"post-24884","1":"product","2":"type-product","3":"status-publish","4":"has-post-thumbnail","6":"marka-egerot-tr","7":"model-leyland-daf-tr","8":"model-zeta-50-9-50-10-60-10-60-11-65-10-65-12-65-9-79-10-79-12-79-13-79-14-zeta-a-60-10-70-12-70-14-m-115-17-135-17-145-17-159-17-fiat-m29-m50-80-12-85-12-120-14-tr","9":"referans-numarasi-1689604-tr","10":"referans-numarasi-4688941-tr","11":"referans-numarasi-7167757-tr","12":"referans-numarasi-8565366-tr","13":"referans-numarasi-8582332-tr","14":"referans-numarasi-ampa346-tr","15":"uretici-daf-tr","16":"uretici-iveco-tr","17":"product_cat-rot-basi","19":"first","20":"instock","21":"product-type-simple"},"acf":[],"_links":{"self":[{"href":"https:\/\/revolclutch.com\/tr\/wp-json\/wp\/v2\/product\/24884","targetHints":{"allow":["GET"]}}],"collection":[{"href":"https:\/\/revolclutch.com\/tr\/wp-json\/wp\/v2\/product"}],"about":[{"href":"https:\/\/revolclutch.com\/tr\/wp-json\/wp\/v2\/types\/product"}],"replies":[{"embeddable":true,"href":"https:\/\/revolclutch.com\/tr\/wp-json\/wp\/v2\/comments?post=24884"}],"wp:featuredmedia":[{"embeddable":true,"href":"https:\/\/revolclutch.com\/tr\/wp-json\/wp\/v2\/media\/8237"}],"wp:attachment":[{"href":"https:\/\/revolclutch.com\/tr\/wp-json\/wp\/v2\/media?parent=24884"}],"wp:term":[{"taxonomy":"marka","embeddable":true,"href":"https:\/\/revolclutch.com\/tr\/wp-json\/wp\/v2\/marka?post=24884"},{"taxonomy":"model","embeddable":true,"href":"https:\/\/revolclutch.com\/tr\/wp-json\/wp\/v2\/model?post=24884"},{"taxonomy":"referans-numarasi","embeddable":true,"href":"https:\/\/revolclutch.com\/tr\/wp-json\/wp\/v2\/referans-numarasi?post=24884"},{"taxonomy":"uretici","embeddable":true,"href":"https:\/\/revolclutch.com\/tr\/wp-json\/wp\/v2\/uretici?post=24884"},{"taxonomy":"product_brand","embeddable":true,"href":"https:\/\/revolclutch.com\/tr\/wp-json\/wp\/v2\/product_brand?post=24884"},{"taxonomy":"product_cat","embeddable":true,"href":"https:\/\/revolclutch.com\/tr\/wp-json\/wp\/v2\/product_cat?post=24884"},{"taxonomy":"product_tag","embeddable":true,"href":"https:\/\/revolclutch.com\/tr\/wp-json\/wp\/v2\/product_tag?post=24884"}],"curies":[{"name":"wp","href":"https:\/\/api.w.org\/{rel}","templated":true}]}}