{"id":31587,"date":"2024-08-15T14:24:12","date_gmt":"2024-08-15T14:24:12","guid":{"rendered":"https:\/\/revolclutch.com\/product\/er0003\/"},"modified":"2025-05-12T08:52:50","modified_gmt":"2025-05-12T08:52:50","slug":"er0003","status":"publish","type":"product","link":"https:\/\/revolclutch.com\/tr\/product\/er0003\/","title":{"rendered":"ER0003"},"content":{"rendered":"<p><strong>Di\u015f \u00d6l\u00e7\u00fcs\u00fc: : <\/strong> M30x1.5 RHT<\/p>\n<p><strong>Konik:  \u00d8S\/\u00d8B (mm): <\/strong> 27,1\/30<\/p>\n<p><strong>Uzunluk:  (mm): <\/strong> 125mm<\/p>\n","protected":false},"excerpt":{"rendered":"<p>: M30x1.5 RHT \u00d8S\/\u00d8B (mm): 27,1\/30 (mm): 125mm<\/p>\n","protected":false},"featured_media":32645,"comment_status":"closed","ping_status":"open","template":"","meta":{"_acf_changed":false},"marka":[20560],"model":[63589,63590,63591,49548,42898,63486,39786,63592,63593,63594,26740,63596,63597,47820,40493,39544,34224,39897,29202,63598,49553],"referans-numarasi":[63599,63600,63603,63607,69748,69858,69749,69857,69750,69856,69751,69855,69752,69854,69753,69853,69754,69852,69755,69851,69756,69757,69850,69758,69849,69759,69760,69848,69761,69762,69847,69763,69846,69764,69845,69765,69766,69844,69767,69768,69769,69770,69843,69771,69772,69842,69773,69774,69841,69775,69776,69777,69778,69840,69779,69780,69839,69781,69838,69782,69837,69783,69836,69784,69835,69785,69834,69786,69833,69787,69832,69788,69831,69789,69830,69790,69829,69791,69828,69792,69827,69793,69826,69794,69825,69795,69824,69796,69823,69797,69822,69798,69821,69799,69820,69800,69819,69801,69818,69802,69817,69803,69816,69804,69815,69805,69814,69806,69813,69807,69812,69808,69811,69809,69810],"uretici":[15238,25747,15326,18670,29571,16497,15114,15629,15157,34231,15115,23342,19522,20098,17030,15634,15954],"product_brand":[],"product_cat":[22138],"product_tag":[],"class_list":{"0":"post-31587","1":"product","2":"type-product","3":"status-publish","4":"has-post-thumbnail","6":"marka-egerot-tr","7":"model-112-113-114-124-143-144-93-t143-t93-tr","8":"model-112-h-112-m-113-e-113-h-113-m-114-c-114-g-114-l-124-c-124-g-124-l-143-e-143-h-143-m-144-c-144-g-144-m-93-h-93-m-t-113-t-143-t-93-tr","9":"model-actros-1996-actros-2003-atego-axor-econic-lk-ln2-mk-ng-o-403-o-404-o-405-sk-unimog-tr","10":"model-avenue-tr","11":"model-cargo-2114-2217-2524d-2524-ds-2530-2530-ds-3230-tr","12":"model-doruk-215t-215le-230dg-tr","13":"model-evobus-tr","14":"model-f1600-1700-1800-1900-2000-2100-fa2000-2105-65-75-85-95-tr","15":"model-f1600-1700-1800-1900-2000-2100-fa2000-2105-65-75-85-96-tr","16":"model-f2000-f90-lion-s-m2000-m90-ng-nl-nm-nu-sg-sl-sl-ii-sr-su-ul-tga-tr","17":"model-kassbohrer-tr","18":"model-latin-amerika-tr","19":"model-m165-24-175-24-turbostar-190-33-190-36-190-42-190-48-turbotech-190-26-190-32-190-36-220-36-240-36-tr","20":"model-menarini-201-l-tr","21":"model-mercedes-tr","22":"model-renault-tr","23":"model-safari-tr","24":"model-scania-tr","25":"model-setra-tr","26":"model-transliner-n-316-tr","27":"model-van-hool-tr","28":"referans-numarasi-0003305248-tr","29":"referans-numarasi-0003387310-tr","30":"referans-numarasi-0003406169-tr","31":"referans-numarasi-0003406251-tr","32":"referans-numarasi-0003406260-2","33":"referans-numarasi-0003406261-2","34":"referans-numarasi-0004600348-2","35":"referans-numarasi-0004602848-2","36":"referans-numarasi-0004602948-2","37":"referans-numarasi-0004605235-2","38":"referans-numarasi-0004608948-2","39":"referans-numarasi-0014600248-2","40":"referans-numarasi-0014600848-2","41":"referans-numarasi-0014601248-2","42":"referans-numarasi-0014601848-2","43":"referans-numarasi-0014602248-2","44":"referans-numarasi-0014605448-2","45":"referans-numarasi-0014607748-2","46":"referans-numarasi-0024600148-2","47":"referans-numarasi-0501211835-2","48":"referans-numarasi-0607981-2","49":"referans-numarasi-0698450-2","50":"referans-numarasi-0801211835-2","51":"referans-numarasi-0820352140-2","52":"referans-numarasi-11019659-2","53":"referans-numarasi-1149907-2","54":"referans-numarasi-1152350-2","55":"referans-numarasi-120325000-2","56":"referans-numarasi-122353202-2","57":"referans-numarasi-1257890-2","58":"referans-numarasi-14013769-2","59":"referans-numarasi-1603789-2","60":"referans-numarasi-1605300183-2","61":"referans-numarasi-1605300184-2","62":"referans-numarasi-1618048-2","63":"referans-numarasi-16h0007006aa-2","64":"referans-numarasi-16h0007014aa-2","65":"referans-numarasi-1738381-2","66":"referans-numarasi-1767328-2","67":"referans-numarasi-1899667-2","68":"referans-numarasi-20350395-2","69":"referans-numarasi-20742127-2","70":"referans-numarasi-20745043-2","71":"referans-numarasi-20821160-2","72":"referans-numarasi-20862494-2","73":"referans-numarasi-283784-2","74":"referans-numarasi-2966252-2","75":"referans-numarasi-2969808-2","76":"referans-numarasi-395010-2","77":"referans-numarasi-42483386-2","78":"referans-numarasi-42488269-2","79":"referans-numarasi-42489594-2","80":"referans-numarasi-42491638-2","81":"referans-numarasi-42537936-2","82":"referans-numarasi-430r11377-2","83":"referans-numarasi-4802443-2","84":"referans-numarasi-4833829-2","85":"referans-numarasi-5000240688-2","86":"referans-numarasi-5000242475-2","87":"referans-numarasi-5000242479-2","88":"referans-numarasi-5000242485-2","89":"referans-numarasi-5000253852-2","90":"referans-numarasi-5000288360-2","91":"referans-numarasi-5000590236-2","92":"referans-numarasi-5000804824-2","93":"referans-numarasi-5000819349-2","94":"referans-numarasi-5001836298-2","95":"referans-numarasi-5001858760-2","96":"referans-numarasi-5001858773-2","97":"referans-numarasi-5004206-2","98":"referans-numarasi-5010832582-2","99":"referans-numarasi-571866608-2","100":"referans-numarasi-634301250-2","101":"referans-numarasi-6851475000-2","102":"referans-numarasi-6851480000-2","103":"referans-numarasi-6851484000-2","104":"referans-numarasi-685153100-2","105":"referans-numarasi-6851531000-2","106":"referans-numarasi-7420894052-2","107":"referans-numarasi-7701011412-2","108":"referans-numarasi-8122752-2","109":"referans-numarasi-81953010016-2","110":"referans-numarasi-81953010084-2","111":"referans-numarasi-81953010088-2","112":"referans-numarasi-81953016048-2","113":"referans-numarasi-81953016049-2","114":"referans-numarasi-81953016053-2","115":"referans-numarasi-81953016090-2","116":"referans-numarasi-81953016108-2","117":"referans-numarasi-81953016112-2","118":"referans-numarasi-81953016126-2","119":"referans-numarasi-81953016143-2","120":"referans-numarasi-81953016149-2","121":"referans-numarasi-81953016154-2","122":"referans-numarasi-81953016156-2","123":"referans-numarasi-81953016178-2","124":"referans-numarasi-81953016194-2","125":"referans-numarasi-81953016206-2","126":"referans-numarasi-81953016224-2","127":"referans-numarasi-81953016234-2","128":"referans-numarasi-81953016242-2","129":"referans-numarasi-81953016252-2","130":"referans-numarasi-81953016274-2","131":"referans-numarasi-81953016278-2","132":"referans-numarasi-81953016308-2","133":"referans-numarasi-81953016350-2","134":"referans-numarasi-81db3289ca-2","135":"referans-numarasi-8226236059-2","136":"referans-numarasi-9p914836-2","137":"referans-numarasi-9p917205-2","138":"referans-numarasi-achf060-2","139":"referans-numarasi-n1011020300-2","140":"referans-numarasi-nk26410102y-2","141":"referans-numarasi-tc299000202-01y-2","142":"referans-numarasi-tc29900020201y-2","143":"uretici-bmc-tr","144":"uretici-bredamenarinibus-tr","145":"uretici-daf-tr","146":"uretici-ford-tr","147":"uretici-ikarus-tr","148":"uretici-isuzu-tr","149":"uretici-iveco-tr","150":"uretici-liebherr-tr","151":"uretici-man-tr","152":"uretici-mitsubishi-tr","153":"uretici-neoplan-tr","154":"uretici-otokar-tr","155":"uretici-sisu-tr","156":"uretici-solaris-tr","157":"uretici-temsa-tr","158":"uretici-van-hool-tr","159":"uretici-volvo-tr","160":"product_cat-rot-basi","162":"first","163":"instock","164":"shipping-taxable","165":"product-type-simple"},"acf":[],"_links":{"self":[{"href":"https:\/\/revolclutch.com\/tr\/wp-json\/wp\/v2\/product\/31587","targetHints":{"allow":["GET"]}}],"collection":[{"href":"https:\/\/revolclutch.com\/tr\/wp-json\/wp\/v2\/product"}],"about":[{"href":"https:\/\/revolclutch.com\/tr\/wp-json\/wp\/v2\/types\/product"}],"replies":[{"embeddable":true,"href":"https:\/\/revolclutch.com\/tr\/wp-json\/wp\/v2\/comments?post=31587"}],"wp:featuredmedia":[{"embeddable":true,"href":"https:\/\/revolclutch.com\/tr\/wp-json\/wp\/v2\/media\/32645"}],"wp:attachment":[{"href":"https:\/\/revolclutch.com\/tr\/wp-json\/wp\/v2\/media?parent=31587"}],"wp:term":[{"taxonomy":"marka","embeddable":true,"href":"https:\/\/revolclutch.com\/tr\/wp-json\/wp\/v2\/marka?post=31587"},{"taxonomy":"model","embeddable":true,"href":"https:\/\/revolclutch.com\/tr\/wp-json\/wp\/v2\/model?post=31587"},{"taxonomy":"referans-numarasi","embeddable":true,"href":"https:\/\/revolclutch.com\/tr\/wp-json\/wp\/v2\/referans-numarasi?post=31587"},{"taxonomy":"uretici","embeddable":true,"href":"https:\/\/revolclutch.com\/tr\/wp-json\/wp\/v2\/uretici?post=31587"},{"taxonomy":"product_brand","embeddable":true,"href":"https:\/\/revolclutch.com\/tr\/wp-json\/wp\/v2\/product_brand?post=31587"},{"taxonomy":"product_cat","embeddable":true,"href":"https:\/\/revolclutch.com\/tr\/wp-json\/wp\/v2\/product_cat?post=31587"},{"taxonomy":"product_tag","embeddable":true,"href":"https:\/\/revolclutch.com\/tr\/wp-json\/wp\/v2\/product_tag?post=31587"}],"curies":[{"name":"wp","href":"https:\/\/api.w.org\/{rel}","templated":true}]}}