{"id":31610,"date":"2024-08-15T14:24:12","date_gmt":"2024-08-15T14:24:12","guid":{"rendered":"https:\/\/revolclutch.com\/product\/er0004\/"},"modified":"2025-05-12T13:22:50","modified_gmt":"2025-05-12T13:22:50","slug":"er0004","status":"publish","type":"product","link":"https:\/\/revolclutch.com\/tr\/product\/er0004\/","title":{"rendered":"ER0004"},"content":{"rendered":"<p><strong>Di\u015f \u00d6l\u00e7\u00fcs\u00fc: : <\/strong> M30x1.5 LHT<\/p>\n<p><strong>Konik:  \u00d8S\/\u00d8B (mm): <\/strong> 27,1\/30<\/p>\n<p><strong>Uzunluk:  (mm): <\/strong> 125mm<\/p>\n","protected":false},"excerpt":{"rendered":"<p>: M30x1.5 LHT \u00d8S\/\u00d8B (mm): 27,1\/30 (mm): 125mm<\/p>\n","protected":false},"featured_media":32651,"comment_status":"closed","ping_status":"open","template":"","meta":{"_acf_changed":false},"marka":[20560],"model":[63589,63590,37033,30564,64091,49548,42898,63592,63594,27855,63596,64092,63597,47820,36413,27857,34224,29202,27858,63598,49553],"referans-numarasi":[64093,64094,64095,64096,64097,64098,64099,64100,64101,64102,64103,64104,64105,64106,64107,64108,64109,64110,64111,64112,64113,64114,64115,64116,64117,64118,64119,64120,64121,64122,64123,64124,64125,64126,64127,64128,64129,64130,64131,64132,64133,64135,64136,64137,64139,64141,64143,64146,64148,64149,64151,64153,64156,64157,64160,64161,64164,64165,64168,64169,64172,64173,64176,64177,64180,64181,64184,64185,64187,64189,64191,64192,64196,69890,69859,69889,69860,69888,69861,69887,69862,69886,69863,69885,69864,69884,69865,69883,69866,69882,69867,69881,69868,69880,69869,69879,69870,69878,69871,69877,69872,69876,69873,69874,69875],"uretici":[15238,25747,15326,15623,18670,15114,15626,15629,15157,20570,34231,15115,15286,15117,34991,17030,15634],"product_brand":[],"product_cat":[22138],"product_tag":[],"class_list":{"0":"post-31610","1":"product","2":"type-product","3":"status-publish","4":"has-post-thumbnail","6":"marka-egerot-tr","7":"model-112-113-114-124-143-144-93-t143-t93-tr","8":"model-112-h-112-m-113-e-113-h-113-m-114-c-114-g-114-l-124-c-124-g-124-l-143-e-143-h-143-m-144-c-144-g-144-m-93-h-93-m-t-113-t-143-t-93-tr","9":"model-3-series-tr","10":"model-4-series-tr","11":"model-actros-1996-actros-2003-atego-axor-econic-lk-ln2-mk-ng-o-403-o404-o-405-sk-unimog-tr","12":"model-avenue-tr","13":"model-cargo-2114-2217-2524d-2524-ds-2530-2530-ds-3230-tr","14":"model-f1600-1700-1800-1900-2000-2100-fa2000-2105-65-75-85-95-tr","15":"model-f2000-f90-lion-s-m2000-m90-ng-nl-nm-nu-sg-sl-sl-ii-sr-su-ul-tga-tr","16":"model-g-tr","17":"model-latin-amerika-tr","18":"model-lf55-cf65-tr","19":"model-m165-24-175-24-turbostar-190-33-190-36-190-42-190-48-turbotech-190-26-190-32-190-36-220-36-240-36-tr","20":"model-menarini-201-l-tr","21":"model-p-tr","22":"model-r-tr","23":"model-safari-tr","24":"model-setra-tr","25":"model-t-series-tr","26":"model-transliner-n-316-tr","27":"model-van-hool-tr","28":"referans-numarasi-0003401170-tr","29":"referans-numarasi-0004600648-tr","30":"referans-numarasi-0004601048-tr","31":"referans-numarasi-0004601248-tr","32":"referans-numarasi-0004603448-tr","33":"referans-numarasi-0004603548-tr","34":"referans-numarasi-0014600348-tr","35":"referans-numarasi-0014601448-tr","36":"referans-numarasi-0014601948-tr","37":"referans-numarasi-0014602348-tr","38":"referans-numarasi-0014603648-tr","39":"referans-numarasi-0014603748-tr","40":"referans-numarasi-0014607848-tr","41":"referans-numarasi-0016077848-tr","42":"referans-numarasi-0023300735-tr","43":"referans-numarasi-0024600348-tr","44":"referans-numarasi-0501211834-tr","45":"referans-numarasi-0607053-tr","46":"referans-numarasi-0696205-tr","47":"referans-numarasi-0696225-tr","48":"referans-numarasi-120325200-tr","49":"referans-numarasi-122353201-tr","50":"referans-numarasi-1228115-tr","51":"referans-numarasi-1329134-tr","52":"referans-numarasi-1358792-tr","53":"referans-numarasi-1403899-tr","54":"referans-numarasi-1420821-tr","55":"referans-numarasi-1611088-tr","56":"referans-numarasi-1738380-tr","57":"referans-numarasi-1914426-tr","58":"referans-numarasi-2021425-tr","59":"referans-numarasi-2051165-tr","60":"referans-numarasi-20742129-tr","61":"referans-numarasi-20745042-tr","62":"referans-numarasi-20821150-tr","63":"referans-numarasi-218633100115-tr","64":"referans-numarasi-283783-tr","65":"referans-numarasi-2984061-tr","66":"referans-numarasi-395009-tr","67":"referans-numarasi-42489395-tr","68":"referans-numarasi-42489574-tr","69":"referans-numarasi-42491957-tr","70":"referans-numarasi-4802444-tr","71":"referans-numarasi-4833830-tr","72":"referans-numarasi-5000242478-tr","73":"referans-numarasi-5000242486-tr","74":"referans-numarasi-5000288361-tr","75":"referans-numarasi-5000587534-tr","76":"referans-numarasi-5000823265-tr","77":"referans-numarasi-5000858774-tr","78":"referans-numarasi-5001832581-tr","79":"referans-numarasi-5001836297-tr","80":"referans-numarasi-5001858759-tr","81":"referans-numarasi-5004204-tr","82":"referans-numarasi-5010832583-tr","83":"referans-numarasi-5410027884-tr","84":"referans-numarasi-571866508-tr","85":"referans-numarasi-634301300-tr","86":"referans-numarasi-685147600-tr","87":"referans-numarasi-6851485000-tr","88":"referans-numarasi-6984603748-tr","89":"referans-numarasi-725009908-tr","90":"referans-numarasi-7420894053-tr","91":"referans-numarasi-8001858759-tr","92":"referans-numarasi-8190225-tr","93":"referans-numarasi-81953010015-tr","94":"referans-numarasi-81953010083-tr","95":"referans-numarasi-81953010095-tr","96":"referans-numarasi-81953010102-tr","97":"referans-numarasi-81953016029-tr","98":"referans-numarasi-81953016030-tr","99":"referans-numarasi-81953016043-tr","100":"referans-numarasi-81953016050-tr","101":"referans-numarasi-81953016054-2","102":"referans-numarasi-81953016087-2","103":"referans-numarasi-81953016091-2","104":"referans-numarasi-81953016107-2","105":"referans-numarasi-81953016120-2","106":"referans-numarasi-81953016125-2","107":"referans-numarasi-81953016152-2","108":"referans-numarasi-81953016155-2","109":"referans-numarasi-81953016157-2","110":"referans-numarasi-81953016168-2","111":"referans-numarasi-81953016177-2","112":"referans-numarasi-81953016179-2","113":"referans-numarasi-81953016181-2","114":"referans-numarasi-81953016223-2","115":"referans-numarasi-81953016237-2","116":"referans-numarasi-81953016253-2","117":"referans-numarasi-81953016254-2","118":"referans-numarasi-81953016275-2","119":"referans-numarasi-81953016279-2","120":"referans-numarasi-81953016285-2","121":"referans-numarasi-81953016309-2","122":"referans-numarasi-81953016311-2","123":"referans-numarasi-81953016348-2","124":"referans-numarasi-81953016351-2","125":"referans-numarasi-81db3290ca-2","126":"referans-numarasi-8226236058-2","127":"referans-numarasi-84953016004-2","128":"referans-numarasi-9p917206-2","129":"referans-numarasi-n1011020299-2","130":"referans-numarasi-nk26410101y-2","131":"referans-numarasi-tc299000202-02y-2","132":"referans-numarasi-tc29900020202y-2","133":"uretici-bmc-tr","134":"uretici-bredamenarinibus-tr","135":"uretici-daf-tr","136":"uretici-evobus-tr","137":"uretici-ford-tr","138":"uretici-iveco-tr","139":"uretici-kassbohrer-tr","140":"uretici-liebherr-tr","141":"uretici-man-tr","142":"uretici-mercedes-tr","143":"uretici-mitsubishi-tr","144":"uretici-neoplan-tr","145":"uretici-renault-tr","146":"uretici-scania-tr","147":"uretici-tata-tr","148":"uretici-temsa-tr","149":"uretici-van-hool-tr","150":"product_cat-rot-basi","152":"first","153":"instock","154":"shipping-taxable","155":"product-type-simple"},"acf":[],"_links":{"self":[{"href":"https:\/\/revolclutch.com\/tr\/wp-json\/wp\/v2\/product\/31610","targetHints":{"allow":["GET"]}}],"collection":[{"href":"https:\/\/revolclutch.com\/tr\/wp-json\/wp\/v2\/product"}],"about":[{"href":"https:\/\/revolclutch.com\/tr\/wp-json\/wp\/v2\/types\/product"}],"replies":[{"embeddable":true,"href":"https:\/\/revolclutch.com\/tr\/wp-json\/wp\/v2\/comments?post=31610"}],"wp:featuredmedia":[{"embeddable":true,"href":"https:\/\/revolclutch.com\/tr\/wp-json\/wp\/v2\/media\/32651"}],"wp:attachment":[{"href":"https:\/\/revolclutch.com\/tr\/wp-json\/wp\/v2\/media?parent=31610"}],"wp:term":[{"taxonomy":"marka","embeddable":true,"href":"https:\/\/revolclutch.com\/tr\/wp-json\/wp\/v2\/marka?post=31610"},{"taxonomy":"model","embeddable":true,"href":"https:\/\/revolclutch.com\/tr\/wp-json\/wp\/v2\/model?post=31610"},{"taxonomy":"referans-numarasi","embeddable":true,"href":"https:\/\/revolclutch.com\/tr\/wp-json\/wp\/v2\/referans-numarasi?post=31610"},{"taxonomy":"uretici","embeddable":true,"href":"https:\/\/revolclutch.com\/tr\/wp-json\/wp\/v2\/uretici?post=31610"},{"taxonomy":"product_brand","embeddable":true,"href":"https:\/\/revolclutch.com\/tr\/wp-json\/wp\/v2\/product_brand?post=31610"},{"taxonomy":"product_cat","embeddable":true,"href":"https:\/\/revolclutch.com\/tr\/wp-json\/wp\/v2\/product_cat?post=31610"},{"taxonomy":"product_tag","embeddable":true,"href":"https:\/\/revolclutch.com\/tr\/wp-json\/wp\/v2\/product_tag?post=31610"}],"curies":[{"name":"wp","href":"https:\/\/api.w.org\/{rel}","templated":true}]}}