{"id":33622,"date":"2026-02-19T07:48:55","date_gmt":"2026-02-19T07:48:55","guid":{"rendered":"https:\/\/revolclutch.com\/product\/ck0-999-609\/"},"modified":"2026-02-19T07:54:10","modified_gmt":"2026-02-19T07:54:10","slug":"ck0-999-609","status":"publish","type":"product","link":"https:\/\/revolclutch.com\/tr\/product\/ck0-999-609\/","title":{"rendered":"CK0 999 609"},"content":{"rendered":"<p>Disk: CD3 999 110<br \/>\nBask\u0131: PP2 999 310<\/p>\n<p>Sistem \u00c7ap\u0131: 430 mm<\/p>\n","protected":false},"excerpt":{"rendered":"<p>Disk: CD3 999 110 Bask\u0131: PP2 999 310 Sistem \u00c7ap\u0131: 430 mm<\/p>\n","protected":false},"featured_media":33617,"comment_status":"open","ping_status":"closed","template":"","meta":{"_acf_changed":false},"marka":[15057],"model":[69971,69972],"referans-numarasi":[69973],"uretici":[20570,15350],"product_brand":[],"product_cat":[23070],"product_tag":[],"class_list":{"0":"post-33622","1":"product","2":"type-product","3":"status-publish","4":"has-post-thumbnail","6":"marka-revol-tr","7":"model-actros-l-euro-6-tr","8":"model-arocs-3345-tr","9":"referans-numarasi-030-250-28-01-tr","10":"uretici-mercedes-tr","11":"uretici-mercedes-benz-tr","12":"product_cat-debriyaj-seti","14":"first","15":"instock","16":"shipping-taxable","17":"product-type-simple"},"acf":[],"_links":{"self":[{"href":"https:\/\/revolclutch.com\/tr\/wp-json\/wp\/v2\/product\/33622","targetHints":{"allow":["GET"]}}],"collection":[{"href":"https:\/\/revolclutch.com\/tr\/wp-json\/wp\/v2\/product"}],"about":[{"href":"https:\/\/revolclutch.com\/tr\/wp-json\/wp\/v2\/types\/product"}],"replies":[{"embeddable":true,"href":"https:\/\/revolclutch.com\/tr\/wp-json\/wp\/v2\/comments?post=33622"}],"wp:featuredmedia":[{"embeddable":true,"href":"https:\/\/revolclutch.com\/tr\/wp-json\/wp\/v2\/media\/33617"}],"wp:attachment":[{"href":"https:\/\/revolclutch.com\/tr\/wp-json\/wp\/v2\/media?parent=33622"}],"wp:term":[{"taxonomy":"marka","embeddable":true,"href":"https:\/\/revolclutch.com\/tr\/wp-json\/wp\/v2\/marka?post=33622"},{"taxonomy":"model","embeddable":true,"href":"https:\/\/revolclutch.com\/tr\/wp-json\/wp\/v2\/model?post=33622"},{"taxonomy":"referans-numarasi","embeddable":true,"href":"https:\/\/revolclutch.com\/tr\/wp-json\/wp\/v2\/referans-numarasi?post=33622"},{"taxonomy":"uretici","embeddable":true,"href":"https:\/\/revolclutch.com\/tr\/wp-json\/wp\/v2\/uretici?post=33622"},{"taxonomy":"product_brand","embeddable":true,"href":"https:\/\/revolclutch.com\/tr\/wp-json\/wp\/v2\/product_brand?post=33622"},{"taxonomy":"product_cat","embeddable":true,"href":"https:\/\/revolclutch.com\/tr\/wp-json\/wp\/v2\/product_cat?post=33622"},{"taxonomy":"product_tag","embeddable":true,"href":"https:\/\/revolclutch.com\/tr\/wp-json\/wp\/v2\/product_tag?post=33622"}],"curies":[{"name":"wp","href":"https:\/\/api.w.org\/{rel}","templated":true}]}}